{"id":403,"date":"2021-11-04T19:14:43","date_gmt":"2021-11-04T18:14:43","guid":{"rendered":"https:\/\/garden-elysee.ms.decms.eu\/?page_id=403"},"modified":"2021-11-24T18:55:19","modified_gmt":"2021-11-24T17:55:19","slug":"contacto","status":"publish","type":"page","link":"https:\/\/www.paris-hotel-gardenelysee.com\/es\/contacto\/","title":{"rendered":"Contacto"},"content":{"rendered":"<p style=\"text-align: center;\">Cont\u00e1ctenos para cualquier reserva o si desea m\u00e1s informaci\u00f3n sobre nuestro hotel.<\/p>\n\n                <div class='gf_browser_gecko gform_wrapper' id='gform_wrapper_3' ><form method='post' enctype='multipart\/form-data'  id='gform_3'  action='\/es\/wp-json\/wp\/v2\/pages\/403'>\n                        <div class='gform_body'><ul id='gform_fields_3' class='gform_fields top_label form_sublabel_below description_below'><li id='field_3_14'  class='gfield medium gfield_contains_required field_sublabel_below field_description_below gfield_visibility_visible' ><label class='gfield_label' for='input_3_14' >Nombre<span class='gfield_required'>*<\/span><\/label><div class='ginput_container ginput_container_text'><input name='input_14' id='input_3_14' type='text' value='' class='medium'     aria-required=\"true\" aria-invalid=\"false\" \/><\/div><\/li><li id='field_3_13'  class='gfield medium gfield_contains_required field_sublabel_below field_description_below gfield_visibility_visible' ><label class='gfield_label' for='input_3_13' >Apellido<span class='gfield_required'>*<\/span><\/label><div class='ginput_container ginput_container_text'><input name='input_13' id='input_3_13' type='text' value='' class='medium'     aria-required=\"true\" aria-invalid=\"false\" \/><\/div><\/li><li id='field_3_4'  class='gfield medium gfield_contains_required field_sublabel_below field_description_below gfield_visibility_visible' ><label class='gfield_label' for='input_3_4' >Correo electr\u00f3nico<span class='gfield_required'>*<\/span><\/label><div class='ginput_container ginput_container_email'>\n                            <input name='input_4' id='input_3_4' type='text' value='' class='medium'    aria-required=\"true\" aria-invalid=\"false\" \/>\n                        <\/div><\/li><li id='field_3_5'  class='gfield medium field_sublabel_below field_description_below gfield_visibility_visible' ><label class='gfield_label' for='input_3_5' >Tel\u00e9fono<\/label><div class='ginput_container ginput_container_phone'><input name='input_5' id='input_3_5' type='text' value='' class='medium'    aria-invalid=\"false\"  \/><\/div><\/li><li id='field_3_12'  class='gfield gfield_contains_required field_sublabel_below field_description_below gfield_visibility_visible' ><label class='gfield_label'  >Servicio competente<span class='gfield_required'>*<\/span><\/label><div class='ginput_container ginput_container_checkbox'><ul class='gfield_checkbox' id='input_3_12'><li class='gchoice_3_12_1'>\n\t\t\t\t\t\t\t\t<input name='input_12.1' type='checkbox'  value='Reserva'  id='choice_3_12_1'   \/>\n\t\t\t\t\t\t\t\t<label for='choice_3_12_1' id='label_3_12_1'>Reserva<\/label>\n\t\t\t\t\t\t\t<\/li><li class='gchoice_3_12_2'>\n\t\t\t\t\t\t\t\t<input name='input_12.2' type='checkbox'  value='Contrataci\u00f3n de personal'  id='choice_3_12_2'   \/>\n\t\t\t\t\t\t\t\t<label for='choice_3_12_2' id='label_3_12_2'>Contrataci\u00f3n de personal<\/label>\n\t\t\t\t\t\t\t<\/li><li class='gchoice_3_12_3'>\n\t\t\t\t\t\t\t\t<input name='input_12.3' type='checkbox'  value='Comercial'  id='choice_3_12_3'   \/>\n\t\t\t\t\t\t\t\t<label for='choice_3_12_3' id='label_3_12_3'>Comercial<\/label>\n\t\t\t\t\t\t\t<\/li><li class='gchoice_3_12_4'>\n\t\t\t\t\t\t\t\t<input name='input_12.4' type='checkbox'  value='Otro'  id='choice_3_12_4'   \/>\n\t\t\t\t\t\t\t\t<label for='choice_3_12_4' id='label_3_12_4'>Otro<\/label>\n\t\t\t\t\t\t\t<\/li><\/ul><\/div><\/li><li id='field_3_7'  class='gfield field_sublabel_below field_description_below gfield_visibility_visible' ><label class='gfield_label' for='input_3_7' >Objetivo de su solicitud<\/label><div class='ginput_container ginput_container_text'><input name='input_7' id='input_3_7' type='text' value='' class='medium'      aria-invalid=\"false\" \/><\/div><\/li><li id='field_3_6'  class='gfield gfield_contains_required field_sublabel_below field_description_below gfield_visibility_visible' ><label class='gfield_label' for='input_3_6' >Su solicitud<span class='gfield_required'>*<\/span><\/label><div class='ginput_container ginput_container_textarea'><textarea name='input_6' id='input_3_6' class='textarea medium'     aria-required=\"true\" aria-invalid=\"false\"   rows='10' cols='50'><\/textarea><\/div><\/li><li id='field_3_15'  class='gfield gfield_html gfield_html_formatted gfield_no_follows_desc field_sublabel_below field_description_below gfield_visibility_visible' ><p>El Hotel Garden Elys\u00e9e procesa los datos recopilados para gestionar cualquier solicitud\nrecibida a trav\u00e9s de este formulario de contacto. Se conservar\u00e1n hasta dos a\u00f1os despu\u00e9s\nde su \u00faltimo contacto. Puede ejercer sus derechos de acceso, modificaci\u00f3n, rectificaci\u00f3n y\neliminaci\u00f3n de sus datos enviando un correo electr\u00f3nico a dpo-hotelgarden@elystel.com.\nPara obtener m\u00e1s informaci\u00f3n sobre la gesti\u00f3n de sus datos y sus derechos, consulte\nnuestra <a href=\"https:\/\/www.paris-hotel-gardenelysee.com\/es\/politique-de-confidentialite\/\" target=\"_blank\">Pol\u00edtica de Privacidad<\/a>.\nConsiento libre y expl\u00edcitamente el tratamiento de mis datos por parte del Hotel Garden\nElys\u00e9e para responder a mi solicitud, y reconozco tambi\u00e9n mi derecho a retirar cualquier\nconsentimiento otorgado.<\/p><\/li><li id='field_3_8'  class='gfield field_sublabel_below field_description_below gfield_visibility_visible' ><label class='gfield_label'  >Pol\u00edtica de privacidad<\/label><div class='ginput_container ginput_container_consent'><input name='input_8.1' id='input_3_8_1' type='checkbox' value='1'    aria-invalid=\"false\"   \/> <label class=\"gfield_consent_label\" for='input_3_8_1' >Al introducir sus datos, acepta que el Hotel Garden Elysee se ponga en contacto con usted por correo electr\u00f3nico<\/label><input type='hidden' name='input_8.2' value='Al introducir sus datos, acepta que el Hotel Garden Elysee se ponga en contacto con usted por correo electr\u00f3nico' class='gform_hidden' \/><input type='hidden' name='input_8.3' value='3' class='gform_hidden' \/><\/div><\/li><li id='field_3_9'  class='gfield field_sublabel_below field_description_below gfield_visibility_visible' ><label class='gfield_label' for='input_3_9' >CAPTCHA<\/label><div id='input_3_9' class='ginput_container ginput_recaptcha' data-sitekey='6LdHa9ocAAAAAJ37slZW2UaHOS6lS2v-CE1HbWvO'  data-theme='light' data-tabindex='0'  data-badge=''><\/div><\/li><li id='field_3_16'  class='gfield gform_validation_container field_sublabel_below field_description_below gfield_visibility_visible' ><label class='gfield_label' for='input_3_16' >Comments<\/label><div class='ginput_container'><input name='input_16' id='input_3_16' type='text' value='' \/><\/div><div class='gfield_description' id='gfield_description_3_16'>Este campo es un campo de validaci\u00f3n y debe quedar sin cambios.<\/div><\/li>\n                            <\/ul><\/div>\n        <div class='gform_footer top_label'> <input type='submit' id='gform_submit_button_3' class='gform_button button' value='Enviar'  onclick='if(window[\"gf_submitting_3\"]){return false;}  window[\"gf_submitting_3\"]=true;  ' onkeypress='if( event.keyCode == 13 ){ if(window[\"gf_submitting_3\"]){return false;} window[\"gf_submitting_3\"]=true;  jQuery(\"#gform_3\").trigger(\"submit\",[true]); }' \/> \n            <input type='hidden' class='gform_hidden' name='is_submit_3' value='1' \/>\n            <input type='hidden' class='gform_hidden' name='gform_submit' value='3' \/>\n            \n            <input type='hidden' class='gform_hidden' name='gform_unique_id' value='' \/>\n            <input type='hidden' class='gform_hidden' name='state_3' value='WyJ7XCI4LjFcIjpcImYxZmM1MjFlYjZkMjBhN2NlMTc5YzMwOWZlYTgzN2Q3XCIsXCI4LjJcIjpcIjhmNDVmMjYzNzRmMjhiNzlhN2EwYWQ5ZTdhOTVlNGFmXCIsXCI4LjNcIjpcIjc4NGQyNTA2NDZiMmMyMzQ1NGRlMTQwYTllNGZkNDFhXCJ9IiwiYTRjODgwNDZhY2U4MmQyMmJmNDczMjZjMzE0MTQ4OTIiXQ==' \/>\n            <input type='hidden' class='gform_hidden' name='gform_target_page_number_3' id='gform_target_page_number_3' value='0' \/>\n            <input type='hidden' class='gform_hidden' name='gform_source_page_number_3' id='gform_source_page_number_3' value='1' \/>\n            <input type='hidden' name='gform_field_values' value='' \/>\n            \n        <\/div>\n                        <\/form>\n                        <\/div><script type='text\/javascript'> jQuery(document).bind('gform_post_render', function(event, formId, currentPage){if(formId == 3) {} } );jQuery(document).bind('gform_post_conditional_logic', function(event, formId, fields, isInit){} );<\/script><script type='text\/javascript'> jQuery(document).ready(function(){jQuery(document).trigger('gform_post_render', [3, 1]) } ); <\/script>\n","protected":false},"excerpt":{"rendered":"<p>Cont\u00e1ctenos para cualquier reserva o si desea m\u00e1s informaci\u00f3n sobre nuestro hotel.<\/p>\n","protected":false},"author":15,"featured_media":0,"parent":0,"menu_order":0,"comment_status":"closed","ping_status":"closed","template":"template-contacts.php","meta":{"footnotes":""},"class_list":["post-403","page","type-page","status-publish","hentry"],"yoast_head":"<!-- This site is optimized with the Yoast SEO plugin v26.9 - https:\/\/yoast.com\/product\/yoast-seo-wordpress\/ -->\n<title>Contacto - Hotel Garden \u00c9lys\u00e9e - Hotel boutique de Par\u00eds, distrito 16<\/title>\n<meta name=\"description\" content=\"Reserve ya su habitaci\u00f3n o suite en nuestro hotel boutique de 4 estrellas, ubicado entre los Campos El\u00edseos y el Trocadero.\" \/>\n<meta name=\"robots\" content=\"index, follow, max-snippet:-1, max-image-preview:large, max-video-preview:-1\" \/>\n<link rel=\"canonical\" href=\"https:\/\/www.paris-hotel-gardenelysee.com\/es\/contacto\/\" \/>\n<meta property=\"og:locale\" content=\"es_ES\" \/>\n<meta property=\"og:type\" content=\"article\" \/>\n<meta property=\"og:title\" content=\"Contacto - Hotel Garden \u00c9lys\u00e9e - Hotel boutique de Par\u00eds, distrito 16\" \/>\n<meta property=\"og:description\" content=\"Reserve ya su habitaci\u00f3n o suite en nuestro hotel boutique de 4 estrellas, ubicado entre los Campos El\u00edseos y el Trocadero.\" \/>\n<meta property=\"og:url\" content=\"https:\/\/www.paris-hotel-gardenelysee.com\/es\/contacto\/\" \/>\n<meta property=\"og:site_name\" content=\"Garden Elysee\" \/>\n<meta property=\"article:modified_time\" content=\"2021-11-24T17:55:19+00:00\" \/>\n<meta name=\"twitter:card\" content=\"summary_large_image\" \/>\n<meta name=\"twitter:label1\" content=\"Tiempo de lectura\" \/>\n\t<meta name=\"twitter:data1\" content=\"1 minuto\" \/>\n<script type=\"application\/ld+json\" class=\"yoast-schema-graph\">{\"@context\":\"https:\/\/schema.org\",\"@graph\":[{\"@type\":\"WebPage\",\"@id\":\"https:\/\/www.paris-hotel-gardenelysee.com\/es\/contacto\/\",\"url\":\"https:\/\/www.paris-hotel-gardenelysee.com\/es\/contacto\/\",\"name\":\"Contacto - Hotel Garden \u00c9lys\u00e9e - Hotel boutique de Par\u00eds, distrito 16\",\"isPartOf\":{\"@id\":\"https:\/\/www.paris-hotel-gardenelysee.com\/es\/#website\"},\"datePublished\":\"2021-11-04T18:14:43+00:00\",\"dateModified\":\"2021-11-24T17:55:19+00:00\",\"description\":\"Reserve ya su habitaci\u00f3n o suite en nuestro hotel boutique de 4 estrellas, ubicado entre los Campos El\u00edseos y el Trocadero.\",\"breadcrumb\":{\"@id\":\"https:\/\/www.paris-hotel-gardenelysee.com\/es\/contacto\/#breadcrumb\"},\"inLanguage\":\"es\",\"potentialAction\":[{\"@type\":\"ReadAction\",\"target\":[\"https:\/\/www.paris-hotel-gardenelysee.com\/es\/contacto\/\"]}]},{\"@type\":\"BreadcrumbList\",\"@id\":\"https:\/\/www.paris-hotel-gardenelysee.com\/es\/contacto\/#breadcrumb\",\"itemListElement\":[{\"@type\":\"ListItem\",\"position\":1,\"name\":\"Accueil\",\"item\":\"https:\/\/www.paris-hotel-gardenelysee.com\/es\/\"},{\"@type\":\"ListItem\",\"position\":2,\"name\":\"Contacto\"}]},{\"@type\":\"WebSite\",\"@id\":\"https:\/\/www.paris-hotel-gardenelysee.com\/es\/#website\",\"url\":\"https:\/\/www.paris-hotel-gardenelysee.com\/es\/\",\"name\":\"Garden Elysee\",\"description\":\"\",\"potentialAction\":[{\"@type\":\"SearchAction\",\"target\":{\"@type\":\"EntryPoint\",\"urlTemplate\":\"https:\/\/www.paris-hotel-gardenelysee.com\/es\/?s={search_term_string}\"},\"query-input\":{\"@type\":\"PropertyValueSpecification\",\"valueRequired\":true,\"valueName\":\"search_term_string\"}}],\"inLanguage\":\"es\"}]}<\/script>\n<!-- \/ Yoast SEO plugin. -->","yoast_head_json":{"title":"Contacto - Hotel Garden \u00c9lys\u00e9e - Hotel boutique de Par\u00eds, distrito 16","description":"Reserve ya su habitaci\u00f3n o suite en nuestro hotel boutique de 4 estrellas, ubicado entre los Campos El\u00edseos y el Trocadero.","robots":{"index":"index","follow":"follow","max-snippet":"max-snippet:-1","max-image-preview":"max-image-preview:large","max-video-preview":"max-video-preview:-1"},"canonical":"https:\/\/www.paris-hotel-gardenelysee.com\/es\/contacto\/","og_locale":"es_ES","og_type":"article","og_title":"Contacto - Hotel Garden \u00c9lys\u00e9e - Hotel boutique de Par\u00eds, distrito 16","og_description":"Reserve ya su habitaci\u00f3n o suite en nuestro hotel boutique de 4 estrellas, ubicado entre los Campos El\u00edseos y el Trocadero.","og_url":"https:\/\/www.paris-hotel-gardenelysee.com\/es\/contacto\/","og_site_name":"Garden Elysee","article_modified_time":"2021-11-24T17:55:19+00:00","twitter_card":"summary_large_image","twitter_misc":{"Tiempo de lectura":"1 minuto"},"schema":{"@context":"https:\/\/schema.org","@graph":[{"@type":"WebPage","@id":"https:\/\/www.paris-hotel-gardenelysee.com\/es\/contacto\/","url":"https:\/\/www.paris-hotel-gardenelysee.com\/es\/contacto\/","name":"Contacto - Hotel Garden \u00c9lys\u00e9e - Hotel boutique de Par\u00eds, distrito 16","isPartOf":{"@id":"https:\/\/www.paris-hotel-gardenelysee.com\/es\/#website"},"datePublished":"2021-11-04T18:14:43+00:00","dateModified":"2021-11-24T17:55:19+00:00","description":"Reserve ya su habitaci\u00f3n o suite en nuestro hotel boutique de 4 estrellas, ubicado entre los Campos El\u00edseos y el Trocadero.","breadcrumb":{"@id":"https:\/\/www.paris-hotel-gardenelysee.com\/es\/contacto\/#breadcrumb"},"inLanguage":"es","potentialAction":[{"@type":"ReadAction","target":["https:\/\/www.paris-hotel-gardenelysee.com\/es\/contacto\/"]}]},{"@type":"BreadcrumbList","@id":"https:\/\/www.paris-hotel-gardenelysee.com\/es\/contacto\/#breadcrumb","itemListElement":[{"@type":"ListItem","position":1,"name":"Accueil","item":"https:\/\/www.paris-hotel-gardenelysee.com\/es\/"},{"@type":"ListItem","position":2,"name":"Contacto"}]},{"@type":"WebSite","@id":"https:\/\/www.paris-hotel-gardenelysee.com\/es\/#website","url":"https:\/\/www.paris-hotel-gardenelysee.com\/es\/","name":"Garden Elysee","description":"","potentialAction":[{"@type":"SearchAction","target":{"@type":"EntryPoint","urlTemplate":"https:\/\/www.paris-hotel-gardenelysee.com\/es\/?s={search_term_string}"},"query-input":{"@type":"PropertyValueSpecification","valueRequired":true,"valueName":"search_term_string"}}],"inLanguage":"es"}]}},"acf":[],"_links":{"self":[{"href":"https:\/\/www.paris-hotel-gardenelysee.com\/es\/wp-json\/wp\/v2\/pages\/403","targetHints":{"allow":["GET"]}}],"collection":[{"href":"https:\/\/www.paris-hotel-gardenelysee.com\/es\/wp-json\/wp\/v2\/pages"}],"about":[{"href":"https:\/\/www.paris-hotel-gardenelysee.com\/es\/wp-json\/wp\/v2\/types\/page"}],"author":[{"embeddable":true,"href":"https:\/\/www.paris-hotel-gardenelysee.com\/es\/wp-json\/wp\/v2\/users\/15"}],"replies":[{"embeddable":true,"href":"https:\/\/www.paris-hotel-gardenelysee.com\/es\/wp-json\/wp\/v2\/comments?post=403"}],"version-history":[{"count":0,"href":"https:\/\/www.paris-hotel-gardenelysee.com\/es\/wp-json\/wp\/v2\/pages\/403\/revisions"}],"wp:attachment":[{"href":"https:\/\/www.paris-hotel-gardenelysee.com\/es\/wp-json\/wp\/v2\/media?parent=403"}],"curies":[{"name":"wp","href":"https:\/\/api.w.org\/{rel}","templated":true}]}}