{"id":380,"date":"2021-10-28T19:43:28","date_gmt":"2021-10-28T17:43:28","guid":{"rendered":"https:\/\/garden-elysee.ms.decms.eu\/?page_id=380"},"modified":"2021-11-10T16:01:20","modified_gmt":"2021-11-10T15:01:20","slug":"alrededor-del-hotel","status":"publish","type":"page","link":"https:\/\/www.paris-hotel-gardenelysee.com\/es\/alrededor-del-hotel\/","title":{"rendered":"Alrededor del hotel"},"content":{"rendered":"<p style=\"text-align: center;\">El distrito 16 est\u00e1 repleto de lugares culturales. Est\u00e9 atento a las exposiciones actuales en el Palacio de Tokio, dedicado al arte moderno. Viaje a Asia gracias a la impresionante colecci\u00f3n de objetos que alberga el Museo Guimet.<\/p>\n<p style=\"text-align: center;\">Una vez en el Trocadero, podr\u00e1 retroceder en el tiempo en el Museo del Hombre, antes de contemplar el panorama de la Torre Eiffel.<\/p>\n<p style=\"text-align: center;\">A lo largo del Sena, explore el asombroso Museo del Quai Branly o s\u00fabase a los famosos Bateaux-Mouches de Par\u00eds.<\/p>\n","protected":false},"excerpt":{"rendered":"<p>El distrito 16 est\u00e1 repleto de lugares culturales. Est\u00e9 atento a las exposiciones actuales en el Palacio de Tokio, dedicado al arte moderno. Viaje a Asia gracias a la impresionante colecci\u00f3n de objetos que alberga el Museo Guimet. Una vez en el Trocadero, podr\u00e1 retroceder en el tiempo en el Museo del Hombre, antes de [&hellip;]<\/p>\n","protected":false},"author":15,"featured_media":0,"parent":0,"menu_order":0,"comment_status":"closed","ping_status":"closed","template":"template-surroundings.php","meta":{"footnotes":""},"class_list":["post-380","page","type-page","status-publish","hentry"],"yoast_head":"<!-- This site is optimized with the Yoast SEO plugin v26.9 - https:\/\/yoast.com\/product\/yoast-seo-wordpress\/ -->\n<title>Gu\u00eda de excursiones alrededor del Hotel Garden \u00c9lys\u00e9e 4* - Par\u00eds, distrito 16<\/title>\n<meta name=\"description\" content=\"Cerca del Hotel Garden \u00c9lys\u00e9e, visite el Museo Guimet o el Palacio de Tokio. Disfrute de unas compras por los Campos El\u00edseos o contemple la Torre Eiffel desde el Trocadero.\" \/>\n<meta name=\"robots\" content=\"index, follow, max-snippet:-1, max-image-preview:large, max-video-preview:-1\" \/>\n<link rel=\"canonical\" href=\"https:\/\/www.paris-hotel-gardenelysee.com\/es\/alrededor-del-hotel\/\" \/>\n<meta property=\"og:locale\" content=\"es_ES\" \/>\n<meta property=\"og:type\" content=\"article\" \/>\n<meta property=\"og:title\" content=\"Gu\u00eda de excursiones alrededor del Hotel Garden \u00c9lys\u00e9e 4* - Par\u00eds, distrito 16\" \/>\n<meta property=\"og:description\" content=\"Cerca del Hotel Garden \u00c9lys\u00e9e, visite el Museo Guimet o el Palacio de Tokio. Disfrute de unas compras por los Campos El\u00edseos o contemple la Torre Eiffel desde el Trocadero.\" \/>\n<meta property=\"og:url\" content=\"https:\/\/www.paris-hotel-gardenelysee.com\/es\/alrededor-del-hotel\/\" \/>\n<meta property=\"og:site_name\" content=\"Garden Elysee\" \/>\n<meta property=\"article:modified_time\" content=\"2021-11-10T15:01:20+00:00\" \/>\n<meta name=\"twitter:card\" content=\"summary_large_image\" \/>\n<meta name=\"twitter:label1\" content=\"Tiempo de lectura\" \/>\n\t<meta name=\"twitter:data1\" content=\"1 minuto\" \/>\n<script type=\"application\/ld+json\" class=\"yoast-schema-graph\">{\"@context\":\"https:\/\/schema.org\",\"@graph\":[{\"@type\":\"WebPage\",\"@id\":\"https:\/\/www.paris-hotel-gardenelysee.com\/es\/alrededor-del-hotel\/\",\"url\":\"https:\/\/www.paris-hotel-gardenelysee.com\/es\/alrededor-del-hotel\/\",\"name\":\"Gu\u00eda de excursiones alrededor del Hotel Garden \u00c9lys\u00e9e 4* - Par\u00eds, distrito 16\",\"isPartOf\":{\"@id\":\"https:\/\/www.paris-hotel-gardenelysee.com\/es\/#website\"},\"datePublished\":\"2021-10-28T17:43:28+00:00\",\"dateModified\":\"2021-11-10T15:01:20+00:00\",\"description\":\"Cerca del Hotel Garden \u00c9lys\u00e9e, visite el Museo Guimet o el Palacio de Tokio. Disfrute de unas compras por los Campos El\u00edseos o contemple la Torre Eiffel desde el Trocadero.\",\"breadcrumb\":{\"@id\":\"https:\/\/www.paris-hotel-gardenelysee.com\/es\/alrededor-del-hotel\/#breadcrumb\"},\"inLanguage\":\"es\",\"potentialAction\":[{\"@type\":\"ReadAction\",\"target\":[\"https:\/\/www.paris-hotel-gardenelysee.com\/es\/alrededor-del-hotel\/\"]}]},{\"@type\":\"BreadcrumbList\",\"@id\":\"https:\/\/www.paris-hotel-gardenelysee.com\/es\/alrededor-del-hotel\/#breadcrumb\",\"itemListElement\":[{\"@type\":\"ListItem\",\"position\":1,\"name\":\"Accueil\",\"item\":\"https:\/\/www.paris-hotel-gardenelysee.com\/es\/\"},{\"@type\":\"ListItem\",\"position\":2,\"name\":\"Alrededor del hotel\"}]},{\"@type\":\"WebSite\",\"@id\":\"https:\/\/www.paris-hotel-gardenelysee.com\/es\/#website\",\"url\":\"https:\/\/www.paris-hotel-gardenelysee.com\/es\/\",\"name\":\"Garden Elysee\",\"description\":\"\",\"potentialAction\":[{\"@type\":\"SearchAction\",\"target\":{\"@type\":\"EntryPoint\",\"urlTemplate\":\"https:\/\/www.paris-hotel-gardenelysee.com\/es\/?s={search_term_string}\"},\"query-input\":{\"@type\":\"PropertyValueSpecification\",\"valueRequired\":true,\"valueName\":\"search_term_string\"}}],\"inLanguage\":\"es\"}]}<\/script>\n<!-- \/ Yoast SEO plugin. -->","yoast_head_json":{"title":"Gu\u00eda de excursiones alrededor del Hotel Garden \u00c9lys\u00e9e 4* - Par\u00eds, distrito 16","description":"Cerca del Hotel Garden \u00c9lys\u00e9e, visite el Museo Guimet o el Palacio de Tokio. Disfrute de unas compras por los Campos El\u00edseos o contemple la Torre Eiffel desde el Trocadero.","robots":{"index":"index","follow":"follow","max-snippet":"max-snippet:-1","max-image-preview":"max-image-preview:large","max-video-preview":"max-video-preview:-1"},"canonical":"https:\/\/www.paris-hotel-gardenelysee.com\/es\/alrededor-del-hotel\/","og_locale":"es_ES","og_type":"article","og_title":"Gu\u00eda de excursiones alrededor del Hotel Garden \u00c9lys\u00e9e 4* - Par\u00eds, distrito 16","og_description":"Cerca del Hotel Garden \u00c9lys\u00e9e, visite el Museo Guimet o el Palacio de Tokio. Disfrute de unas compras por los Campos El\u00edseos o contemple la Torre Eiffel desde el Trocadero.","og_url":"https:\/\/www.paris-hotel-gardenelysee.com\/es\/alrededor-del-hotel\/","og_site_name":"Garden Elysee","article_modified_time":"2021-11-10T15:01:20+00:00","twitter_card":"summary_large_image","twitter_misc":{"Tiempo de lectura":"1 minuto"},"schema":{"@context":"https:\/\/schema.org","@graph":[{"@type":"WebPage","@id":"https:\/\/www.paris-hotel-gardenelysee.com\/es\/alrededor-del-hotel\/","url":"https:\/\/www.paris-hotel-gardenelysee.com\/es\/alrededor-del-hotel\/","name":"Gu\u00eda de excursiones alrededor del Hotel Garden \u00c9lys\u00e9e 4* - Par\u00eds, distrito 16","isPartOf":{"@id":"https:\/\/www.paris-hotel-gardenelysee.com\/es\/#website"},"datePublished":"2021-10-28T17:43:28+00:00","dateModified":"2021-11-10T15:01:20+00:00","description":"Cerca del Hotel Garden \u00c9lys\u00e9e, visite el Museo Guimet o el Palacio de Tokio. Disfrute de unas compras por los Campos El\u00edseos o contemple la Torre Eiffel desde el Trocadero.","breadcrumb":{"@id":"https:\/\/www.paris-hotel-gardenelysee.com\/es\/alrededor-del-hotel\/#breadcrumb"},"inLanguage":"es","potentialAction":[{"@type":"ReadAction","target":["https:\/\/www.paris-hotel-gardenelysee.com\/es\/alrededor-del-hotel\/"]}]},{"@type":"BreadcrumbList","@id":"https:\/\/www.paris-hotel-gardenelysee.com\/es\/alrededor-del-hotel\/#breadcrumb","itemListElement":[{"@type":"ListItem","position":1,"name":"Accueil","item":"https:\/\/www.paris-hotel-gardenelysee.com\/es\/"},{"@type":"ListItem","position":2,"name":"Alrededor del hotel"}]},{"@type":"WebSite","@id":"https:\/\/www.paris-hotel-gardenelysee.com\/es\/#website","url":"https:\/\/www.paris-hotel-gardenelysee.com\/es\/","name":"Garden Elysee","description":"","potentialAction":[{"@type":"SearchAction","target":{"@type":"EntryPoint","urlTemplate":"https:\/\/www.paris-hotel-gardenelysee.com\/es\/?s={search_term_string}"},"query-input":{"@type":"PropertyValueSpecification","valueRequired":true,"valueName":"search_term_string"}}],"inLanguage":"es"}]}},"acf":[],"_links":{"self":[{"href":"https:\/\/www.paris-hotel-gardenelysee.com\/es\/wp-json\/wp\/v2\/pages\/380","targetHints":{"allow":["GET"]}}],"collection":[{"href":"https:\/\/www.paris-hotel-gardenelysee.com\/es\/wp-json\/wp\/v2\/pages"}],"about":[{"href":"https:\/\/www.paris-hotel-gardenelysee.com\/es\/wp-json\/wp\/v2\/types\/page"}],"author":[{"embeddable":true,"href":"https:\/\/www.paris-hotel-gardenelysee.com\/es\/wp-json\/wp\/v2\/users\/15"}],"replies":[{"embeddable":true,"href":"https:\/\/www.paris-hotel-gardenelysee.com\/es\/wp-json\/wp\/v2\/comments?post=380"}],"version-history":[{"count":0,"href":"https:\/\/www.paris-hotel-gardenelysee.com\/es\/wp-json\/wp\/v2\/pages\/380\/revisions"}],"wp:attachment":[{"href":"https:\/\/www.paris-hotel-gardenelysee.com\/es\/wp-json\/wp\/v2\/media?parent=380"}],"curies":[{"name":"wp","href":"https:\/\/api.w.org\/{rel}","templated":true}]}}