{"id":372,"date":"2021-10-28T19:37:05","date_gmt":"2021-10-28T17:37:05","guid":{"rendered":"https:\/\/garden-elysee.ms.decms.eu\/?page_id=372"},"modified":"2021-11-24T18:02:41","modified_gmt":"2021-11-24T17:02:41","slug":"ofertas-especiales","status":"publish","type":"page","link":"https:\/\/www.paris-hotel-gardenelysee.com\/es\/ofertas-especiales\/","title":{"rendered":"Ofertas especiales"},"content":{"rendered":"<p style=\"text-align: center;\">Todas nuestras ofertas para su estancia en Par\u00eds.<\/p>\n","protected":false},"excerpt":{"rendered":"<p>Todas nuestras ofertas para su estancia en Par\u00eds.<\/p>\n","protected":false},"author":15,"featured_media":0,"parent":0,"menu_order":0,"comment_status":"closed","ping_status":"closed","template":"template-offers.php","meta":{"footnotes":""},"class_list":["post-372","page","type-page","status-publish","hentry"],"yoast_head":"<!-- This site is optimized with the Yoast SEO plugin v26.9 - https:\/\/yoast.com\/product\/yoast-seo-wordpress\/ -->\n<title>Ofertas promocionales - Hotel Garden \u00c9lys\u00e9e - Par\u00eds, distrito 16<\/title>\n<meta name=\"description\" content=\"Descubra todas nuestras ofertas especiales para disfrutar de su estancia en el Hotel Garden \u00c9lys\u00e9e, un hotel boutique situado en el distrito 16 de Par\u00eds.\" \/>\n<meta name=\"robots\" content=\"index, follow, max-snippet:-1, max-image-preview:large, max-video-preview:-1\" \/>\n<link rel=\"canonical\" href=\"https:\/\/www.paris-hotel-gardenelysee.com\/es\/ofertas-especiales\/\" \/>\n<meta property=\"og:locale\" content=\"es_ES\" \/>\n<meta property=\"og:type\" content=\"article\" \/>\n<meta property=\"og:title\" content=\"Ofertas promocionales - Hotel Garden \u00c9lys\u00e9e - Par\u00eds, distrito 16\" \/>\n<meta property=\"og:description\" content=\"Descubra todas nuestras ofertas especiales para disfrutar de su estancia en el Hotel Garden \u00c9lys\u00e9e, un hotel boutique situado en el distrito 16 de Par\u00eds.\" \/>\n<meta property=\"og:url\" content=\"https:\/\/www.paris-hotel-gardenelysee.com\/es\/ofertas-especiales\/\" \/>\n<meta property=\"og:site_name\" content=\"Garden Elysee\" \/>\n<meta property=\"article:modified_time\" content=\"2021-11-24T17:02:41+00:00\" \/>\n<meta name=\"twitter:card\" content=\"summary_large_image\" \/>\n<meta name=\"twitter:label1\" content=\"Tiempo de lectura\" \/>\n\t<meta name=\"twitter:data1\" content=\"1 minuto\" \/>\n<script type=\"application\/ld+json\" class=\"yoast-schema-graph\">{\"@context\":\"https:\/\/schema.org\",\"@graph\":[{\"@type\":\"WebPage\",\"@id\":\"https:\/\/www.paris-hotel-gardenelysee.com\/es\/ofertas-especiales\/\",\"url\":\"https:\/\/www.paris-hotel-gardenelysee.com\/es\/ofertas-especiales\/\",\"name\":\"Ofertas promocionales - Hotel Garden \u00c9lys\u00e9e - Par\u00eds, distrito 16\",\"isPartOf\":{\"@id\":\"https:\/\/www.paris-hotel-gardenelysee.com\/es\/#website\"},\"datePublished\":\"2021-10-28T17:37:05+00:00\",\"dateModified\":\"2021-11-24T17:02:41+00:00\",\"description\":\"Descubra todas nuestras ofertas especiales para disfrutar de su estancia en el Hotel Garden \u00c9lys\u00e9e, un hotel boutique situado en el distrito 16 de Par\u00eds.\",\"breadcrumb\":{\"@id\":\"https:\/\/www.paris-hotel-gardenelysee.com\/es\/ofertas-especiales\/#breadcrumb\"},\"inLanguage\":\"es\",\"potentialAction\":[{\"@type\":\"ReadAction\",\"target\":[\"https:\/\/www.paris-hotel-gardenelysee.com\/es\/ofertas-especiales\/\"]}]},{\"@type\":\"BreadcrumbList\",\"@id\":\"https:\/\/www.paris-hotel-gardenelysee.com\/es\/ofertas-especiales\/#breadcrumb\",\"itemListElement\":[{\"@type\":\"ListItem\",\"position\":1,\"name\":\"Accueil\",\"item\":\"https:\/\/www.paris-hotel-gardenelysee.com\/es\/\"},{\"@type\":\"ListItem\",\"position\":2,\"name\":\"Ofertas especiales\"}]},{\"@type\":\"WebSite\",\"@id\":\"https:\/\/www.paris-hotel-gardenelysee.com\/es\/#website\",\"url\":\"https:\/\/www.paris-hotel-gardenelysee.com\/es\/\",\"name\":\"Garden Elysee\",\"description\":\"\",\"potentialAction\":[{\"@type\":\"SearchAction\",\"target\":{\"@type\":\"EntryPoint\",\"urlTemplate\":\"https:\/\/www.paris-hotel-gardenelysee.com\/es\/?s={search_term_string}\"},\"query-input\":{\"@type\":\"PropertyValueSpecification\",\"valueRequired\":true,\"valueName\":\"search_term_string\"}}],\"inLanguage\":\"es\"}]}<\/script>\n<!-- \/ Yoast SEO plugin. -->","yoast_head_json":{"title":"Ofertas promocionales - Hotel Garden \u00c9lys\u00e9e - Par\u00eds, distrito 16","description":"Descubra todas nuestras ofertas especiales para disfrutar de su estancia en el Hotel Garden \u00c9lys\u00e9e, un hotel boutique situado en el distrito 16 de Par\u00eds.","robots":{"index":"index","follow":"follow","max-snippet":"max-snippet:-1","max-image-preview":"max-image-preview:large","max-video-preview":"max-video-preview:-1"},"canonical":"https:\/\/www.paris-hotel-gardenelysee.com\/es\/ofertas-especiales\/","og_locale":"es_ES","og_type":"article","og_title":"Ofertas promocionales - Hotel Garden \u00c9lys\u00e9e - Par\u00eds, distrito 16","og_description":"Descubra todas nuestras ofertas especiales para disfrutar de su estancia en el Hotel Garden \u00c9lys\u00e9e, un hotel boutique situado en el distrito 16 de Par\u00eds.","og_url":"https:\/\/www.paris-hotel-gardenelysee.com\/es\/ofertas-especiales\/","og_site_name":"Garden Elysee","article_modified_time":"2021-11-24T17:02:41+00:00","twitter_card":"summary_large_image","twitter_misc":{"Tiempo de lectura":"1 minuto"},"schema":{"@context":"https:\/\/schema.org","@graph":[{"@type":"WebPage","@id":"https:\/\/www.paris-hotel-gardenelysee.com\/es\/ofertas-especiales\/","url":"https:\/\/www.paris-hotel-gardenelysee.com\/es\/ofertas-especiales\/","name":"Ofertas promocionales - Hotel Garden \u00c9lys\u00e9e - Par\u00eds, distrito 16","isPartOf":{"@id":"https:\/\/www.paris-hotel-gardenelysee.com\/es\/#website"},"datePublished":"2021-10-28T17:37:05+00:00","dateModified":"2021-11-24T17:02:41+00:00","description":"Descubra todas nuestras ofertas especiales para disfrutar de su estancia en el Hotel Garden \u00c9lys\u00e9e, un hotel boutique situado en el distrito 16 de Par\u00eds.","breadcrumb":{"@id":"https:\/\/www.paris-hotel-gardenelysee.com\/es\/ofertas-especiales\/#breadcrumb"},"inLanguage":"es","potentialAction":[{"@type":"ReadAction","target":["https:\/\/www.paris-hotel-gardenelysee.com\/es\/ofertas-especiales\/"]}]},{"@type":"BreadcrumbList","@id":"https:\/\/www.paris-hotel-gardenelysee.com\/es\/ofertas-especiales\/#breadcrumb","itemListElement":[{"@type":"ListItem","position":1,"name":"Accueil","item":"https:\/\/www.paris-hotel-gardenelysee.com\/es\/"},{"@type":"ListItem","position":2,"name":"Ofertas especiales"}]},{"@type":"WebSite","@id":"https:\/\/www.paris-hotel-gardenelysee.com\/es\/#website","url":"https:\/\/www.paris-hotel-gardenelysee.com\/es\/","name":"Garden Elysee","description":"","potentialAction":[{"@type":"SearchAction","target":{"@type":"EntryPoint","urlTemplate":"https:\/\/www.paris-hotel-gardenelysee.com\/es\/?s={search_term_string}"},"query-input":{"@type":"PropertyValueSpecification","valueRequired":true,"valueName":"search_term_string"}}],"inLanguage":"es"}]}},"acf":[],"_links":{"self":[{"href":"https:\/\/www.paris-hotel-gardenelysee.com\/es\/wp-json\/wp\/v2\/pages\/372","targetHints":{"allow":["GET"]}}],"collection":[{"href":"https:\/\/www.paris-hotel-gardenelysee.com\/es\/wp-json\/wp\/v2\/pages"}],"about":[{"href":"https:\/\/www.paris-hotel-gardenelysee.com\/es\/wp-json\/wp\/v2\/types\/page"}],"author":[{"embeddable":true,"href":"https:\/\/www.paris-hotel-gardenelysee.com\/es\/wp-json\/wp\/v2\/users\/15"}],"replies":[{"embeddable":true,"href":"https:\/\/www.paris-hotel-gardenelysee.com\/es\/wp-json\/wp\/v2\/comments?post=372"}],"version-history":[{"count":0,"href":"https:\/\/www.paris-hotel-gardenelysee.com\/es\/wp-json\/wp\/v2\/pages\/372\/revisions"}],"wp:attachment":[{"href":"https:\/\/www.paris-hotel-gardenelysee.com\/es\/wp-json\/wp\/v2\/media?parent=372"}],"curies":[{"name":"wp","href":"https:\/\/api.w.org\/{rel}","templated":true}]}}