{"id":364,"date":"2021-10-25T11:58:30","date_gmt":"2021-10-25T09:58:30","guid":{"rendered":"https:\/\/garden-elysee.ms.decms.eu\/?page_id=364"},"modified":"2021-10-25T11:58:39","modified_gmt":"2021-10-25T09:58:39","slug":"zona-de-oficina","status":"publish","type":"page","link":"https:\/\/www.paris-hotel-gardenelysee.com\/es\/servicios\/zona-de-oficina\/","title":{"rendered":"Zona de oficina"},"content":{"rendered":"<p>Si necesita un espacio de trabajo, utilice nuestra zona de oficina.<\/p>\n<p>Es el lugar ideal para consultar su correo electr\u00f3nico, buscar informaci\u00f3n en internet o imprimir un documento.<\/p>\n","protected":false},"excerpt":{"rendered":"<p>Si necesita un espacio de trabajo, utilice nuestra zona de oficina. Es el lugar ideal para consultar su correo electr\u00f3nico, buscar informaci\u00f3n en internet o imprimir un documento.<\/p>\n","protected":false},"author":15,"featured_media":0,"parent":359,"menu_order":50,"comment_status":"closed","ping_status":"closed","template":"template-single-service.php","meta":{"footnotes":""},"class_list":["post-364","page","type-page","status-publish","hentry"],"yoast_head":"<!-- This site is optimized with the Yoast SEO plugin v26.9 - https:\/\/yoast.com\/product\/yoast-seo-wordpress\/ -->\n<title>Zona de oficina - Hotel Garden \u00c9lys\u00e9e - Hotel boutique de Par\u00eds, distrito 16<\/title>\n<meta name=\"description\" content=\"La zona de oficina del Hotel Garden \u00c9lys\u00e9e le permite imprimir sus documentos o preparar sus reuniones durante sus viajes de negocios a Par\u00eds.\" \/>\n<meta name=\"robots\" content=\"index, follow, max-snippet:-1, max-image-preview:large, max-video-preview:-1\" \/>\n<link rel=\"canonical\" href=\"https:\/\/www.paris-hotel-gardenelysee.com\/es\/servicios\/zona-de-oficina\/\" \/>\n<meta property=\"og:locale\" content=\"es_ES\" \/>\n<meta property=\"og:type\" content=\"article\" \/>\n<meta property=\"og:title\" content=\"Zona de oficina - Hotel Garden \u00c9lys\u00e9e - Hotel boutique de Par\u00eds, distrito 16\" \/>\n<meta property=\"og:description\" content=\"La zona de oficina del Hotel Garden \u00c9lys\u00e9e le permite imprimir sus documentos o preparar sus reuniones durante sus viajes de negocios a Par\u00eds.\" \/>\n<meta property=\"og:url\" content=\"https:\/\/www.paris-hotel-gardenelysee.com\/es\/servicios\/zona-de-oficina\/\" \/>\n<meta property=\"og:site_name\" content=\"Garden Elysee\" \/>\n<meta property=\"article:modified_time\" content=\"2021-10-25T09:58:39+00:00\" \/>\n<meta name=\"twitter:card\" content=\"summary_large_image\" \/>\n<meta name=\"twitter:label1\" content=\"Tiempo de lectura\" \/>\n\t<meta name=\"twitter:data1\" content=\"1 minuto\" \/>\n<script type=\"application\/ld+json\" class=\"yoast-schema-graph\">{\"@context\":\"https:\/\/schema.org\",\"@graph\":[{\"@type\":\"WebPage\",\"@id\":\"https:\/\/www.paris-hotel-gardenelysee.com\/es\/servicios\/zona-de-oficina\/\",\"url\":\"https:\/\/www.paris-hotel-gardenelysee.com\/es\/servicios\/zona-de-oficina\/\",\"name\":\"Zona de oficina - Hotel Garden \u00c9lys\u00e9e - Hotel boutique de Par\u00eds, distrito 16\",\"isPartOf\":{\"@id\":\"https:\/\/www.paris-hotel-gardenelysee.com\/es\/#website\"},\"datePublished\":\"2021-10-25T09:58:30+00:00\",\"dateModified\":\"2021-10-25T09:58:39+00:00\",\"description\":\"La zona de oficina del Hotel Garden \u00c9lys\u00e9e le permite imprimir sus documentos o preparar sus reuniones durante sus viajes de negocios a Par\u00eds.\",\"breadcrumb\":{\"@id\":\"https:\/\/www.paris-hotel-gardenelysee.com\/es\/servicios\/zona-de-oficina\/#breadcrumb\"},\"inLanguage\":\"es\",\"potentialAction\":[{\"@type\":\"ReadAction\",\"target\":[\"https:\/\/www.paris-hotel-gardenelysee.com\/es\/servicios\/zona-de-oficina\/\"]}]},{\"@type\":\"BreadcrumbList\",\"@id\":\"https:\/\/www.paris-hotel-gardenelysee.com\/es\/servicios\/zona-de-oficina\/#breadcrumb\",\"itemListElement\":[{\"@type\":\"ListItem\",\"position\":1,\"name\":\"Accueil\",\"item\":\"https:\/\/www.paris-hotel-gardenelysee.com\/es\/\"},{\"@type\":\"ListItem\",\"position\":2,\"name\":\"Servicios\",\"item\":\"https:\/\/www.paris-hotel-gardenelysee.com\/es\/servicios\/\"},{\"@type\":\"ListItem\",\"position\":3,\"name\":\"Zona de oficina\"}]},{\"@type\":\"WebSite\",\"@id\":\"https:\/\/www.paris-hotel-gardenelysee.com\/es\/#website\",\"url\":\"https:\/\/www.paris-hotel-gardenelysee.com\/es\/\",\"name\":\"Garden Elysee\",\"description\":\"\",\"potentialAction\":[{\"@type\":\"SearchAction\",\"target\":{\"@type\":\"EntryPoint\",\"urlTemplate\":\"https:\/\/www.paris-hotel-gardenelysee.com\/es\/?s={search_term_string}\"},\"query-input\":{\"@type\":\"PropertyValueSpecification\",\"valueRequired\":true,\"valueName\":\"search_term_string\"}}],\"inLanguage\":\"es\"}]}<\/script>\n<!-- \/ Yoast SEO plugin. -->","yoast_head_json":{"title":"Zona de oficina - Hotel Garden \u00c9lys\u00e9e - Hotel boutique de Par\u00eds, distrito 16","description":"La zona de oficina del Hotel Garden \u00c9lys\u00e9e le permite imprimir sus documentos o preparar sus reuniones durante sus viajes de negocios a Par\u00eds.","robots":{"index":"index","follow":"follow","max-snippet":"max-snippet:-1","max-image-preview":"max-image-preview:large","max-video-preview":"max-video-preview:-1"},"canonical":"https:\/\/www.paris-hotel-gardenelysee.com\/es\/servicios\/zona-de-oficina\/","og_locale":"es_ES","og_type":"article","og_title":"Zona de oficina - Hotel Garden \u00c9lys\u00e9e - Hotel boutique de Par\u00eds, distrito 16","og_description":"La zona de oficina del Hotel Garden \u00c9lys\u00e9e le permite imprimir sus documentos o preparar sus reuniones durante sus viajes de negocios a Par\u00eds.","og_url":"https:\/\/www.paris-hotel-gardenelysee.com\/es\/servicios\/zona-de-oficina\/","og_site_name":"Garden Elysee","article_modified_time":"2021-10-25T09:58:39+00:00","twitter_card":"summary_large_image","twitter_misc":{"Tiempo de lectura":"1 minuto"},"schema":{"@context":"https:\/\/schema.org","@graph":[{"@type":"WebPage","@id":"https:\/\/www.paris-hotel-gardenelysee.com\/es\/servicios\/zona-de-oficina\/","url":"https:\/\/www.paris-hotel-gardenelysee.com\/es\/servicios\/zona-de-oficina\/","name":"Zona de oficina - Hotel Garden \u00c9lys\u00e9e - Hotel boutique de Par\u00eds, distrito 16","isPartOf":{"@id":"https:\/\/www.paris-hotel-gardenelysee.com\/es\/#website"},"datePublished":"2021-10-25T09:58:30+00:00","dateModified":"2021-10-25T09:58:39+00:00","description":"La zona de oficina del Hotel Garden \u00c9lys\u00e9e le permite imprimir sus documentos o preparar sus reuniones durante sus viajes de negocios a Par\u00eds.","breadcrumb":{"@id":"https:\/\/www.paris-hotel-gardenelysee.com\/es\/servicios\/zona-de-oficina\/#breadcrumb"},"inLanguage":"es","potentialAction":[{"@type":"ReadAction","target":["https:\/\/www.paris-hotel-gardenelysee.com\/es\/servicios\/zona-de-oficina\/"]}]},{"@type":"BreadcrumbList","@id":"https:\/\/www.paris-hotel-gardenelysee.com\/es\/servicios\/zona-de-oficina\/#breadcrumb","itemListElement":[{"@type":"ListItem","position":1,"name":"Accueil","item":"https:\/\/www.paris-hotel-gardenelysee.com\/es\/"},{"@type":"ListItem","position":2,"name":"Servicios","item":"https:\/\/www.paris-hotel-gardenelysee.com\/es\/servicios\/"},{"@type":"ListItem","position":3,"name":"Zona de oficina"}]},{"@type":"WebSite","@id":"https:\/\/www.paris-hotel-gardenelysee.com\/es\/#website","url":"https:\/\/www.paris-hotel-gardenelysee.com\/es\/","name":"Garden Elysee","description":"","potentialAction":[{"@type":"SearchAction","target":{"@type":"EntryPoint","urlTemplate":"https:\/\/www.paris-hotel-gardenelysee.com\/es\/?s={search_term_string}"},"query-input":{"@type":"PropertyValueSpecification","valueRequired":true,"valueName":"search_term_string"}}],"inLanguage":"es"}]}},"acf":[],"_links":{"self":[{"href":"https:\/\/www.paris-hotel-gardenelysee.com\/es\/wp-json\/wp\/v2\/pages\/364","targetHints":{"allow":["GET"]}}],"collection":[{"href":"https:\/\/www.paris-hotel-gardenelysee.com\/es\/wp-json\/wp\/v2\/pages"}],"about":[{"href":"https:\/\/www.paris-hotel-gardenelysee.com\/es\/wp-json\/wp\/v2\/types\/page"}],"author":[{"embeddable":true,"href":"https:\/\/www.paris-hotel-gardenelysee.com\/es\/wp-json\/wp\/v2\/users\/15"}],"replies":[{"embeddable":true,"href":"https:\/\/www.paris-hotel-gardenelysee.com\/es\/wp-json\/wp\/v2\/comments?post=364"}],"version-history":[{"count":0,"href":"https:\/\/www.paris-hotel-gardenelysee.com\/es\/wp-json\/wp\/v2\/pages\/364\/revisions"}],"up":[{"embeddable":true,"href":"https:\/\/www.paris-hotel-gardenelysee.com\/es\/wp-json\/wp\/v2\/pages\/359"}],"wp:attachment":[{"href":"https:\/\/www.paris-hotel-gardenelysee.com\/es\/wp-json\/wp\/v2\/media?parent=364"}],"curies":[{"name":"wp","href":"https:\/\/api.w.org\/{rel}","templated":true}]}}