{"id":359,"date":"2021-10-25T10:54:11","date_gmt":"2021-10-25T08:54:11","guid":{"rendered":"https:\/\/garden-elysee.ms.decms.eu\/?page_id=359"},"modified":"2021-11-24T18:00:29","modified_gmt":"2021-11-24T17:00:29","slug":"servicios","status":"publish","type":"page","link":"https:\/\/www.paris-hotel-gardenelysee.com\/es\/servicios\/","title":{"rendered":"Servicios"},"content":{"rendered":"<p style=\"text-align: center;\">El equipo de recepci\u00f3n, disponible las 24 horas del d\u00eda, puede informarle en cualquier momento de los servicios del hotel y sus alrededores.<\/p>\n<p style=\"text-align: center;\">Aparcamiento privado, gimnasio, wifi gratuito y zona de oficina&#8230; descubra los m\u00faltiples servicios a su disposici\u00f3n.<\/p>\n","protected":false},"excerpt":{"rendered":"<p>El equipo de recepci\u00f3n, disponible las 24 horas del d\u00eda, puede informarle en cualquier momento de los servicios del hotel y sus alrededores. Aparcamiento privado, gimnasio, wifi gratuito y zona de oficina&#8230; descubra los m\u00faltiples servicios a su disposici\u00f3n.<\/p>\n","protected":false},"author":15,"featured_media":0,"parent":0,"menu_order":0,"comment_status":"closed","ping_status":"closed","template":"template-services.php","meta":{"footnotes":""},"class_list":["post-359","page","type-page","status-publish","hentry"],"yoast_head":"<!-- This site is optimized with the Yoast SEO plugin v26.9 - https:\/\/yoast.com\/product\/yoast-seo-wordpress\/ -->\n<title>Servicio 4 estrellas - Hotel Garden \u00c9lys\u00e9e - Par\u00eds, distrito 16<\/title>\n<meta name=\"description\" content=\"Nuestro hotel boutique, situado a unos pasos de los Campos El\u00edseos, dispone de numerosos servicios para sus viajes de negocios o escapadas a Par\u00eds: aparcamiento, wifi gratuito, lavander\u00eda, tintorer\u00eda...\" \/>\n<meta name=\"robots\" content=\"index, follow, max-snippet:-1, max-image-preview:large, max-video-preview:-1\" \/>\n<link rel=\"canonical\" href=\"https:\/\/www.paris-hotel-gardenelysee.com\/es\/servicios\/\" \/>\n<meta property=\"og:locale\" content=\"es_ES\" \/>\n<meta property=\"og:type\" content=\"article\" \/>\n<meta property=\"og:title\" content=\"Servicio 4 estrellas - Hotel Garden \u00c9lys\u00e9e - Par\u00eds, distrito 16\" \/>\n<meta property=\"og:description\" content=\"Nuestro hotel boutique, situado a unos pasos de los Campos El\u00edseos, dispone de numerosos servicios para sus viajes de negocios o escapadas a Par\u00eds: aparcamiento, wifi gratuito, lavander\u00eda, tintorer\u00eda...\" \/>\n<meta property=\"og:url\" content=\"https:\/\/www.paris-hotel-gardenelysee.com\/es\/servicios\/\" \/>\n<meta property=\"og:site_name\" content=\"Garden Elysee\" \/>\n<meta property=\"article:modified_time\" content=\"2021-11-24T17:00:29+00:00\" \/>\n<meta name=\"twitter:card\" content=\"summary_large_image\" \/>\n<meta name=\"twitter:label1\" content=\"Tiempo de lectura\" \/>\n\t<meta name=\"twitter:data1\" content=\"1 minuto\" \/>\n<script type=\"application\/ld+json\" class=\"yoast-schema-graph\">{\"@context\":\"https:\/\/schema.org\",\"@graph\":[{\"@type\":\"WebPage\",\"@id\":\"https:\/\/www.paris-hotel-gardenelysee.com\/es\/servicios\/\",\"url\":\"https:\/\/www.paris-hotel-gardenelysee.com\/es\/servicios\/\",\"name\":\"Servicio 4 estrellas - Hotel Garden \u00c9lys\u00e9e - Par\u00eds, distrito 16\",\"isPartOf\":{\"@id\":\"https:\/\/www.paris-hotel-gardenelysee.com\/es\/#website\"},\"datePublished\":\"2021-10-25T08:54:11+00:00\",\"dateModified\":\"2021-11-24T17:00:29+00:00\",\"description\":\"Nuestro hotel boutique, situado a unos pasos de los Campos El\u00edseos, dispone de numerosos servicios para sus viajes de negocios o escapadas a Par\u00eds: aparcamiento, wifi gratuito, lavander\u00eda, tintorer\u00eda...\",\"breadcrumb\":{\"@id\":\"https:\/\/www.paris-hotel-gardenelysee.com\/es\/servicios\/#breadcrumb\"},\"inLanguage\":\"es\",\"potentialAction\":[{\"@type\":\"ReadAction\",\"target\":[\"https:\/\/www.paris-hotel-gardenelysee.com\/es\/servicios\/\"]}]},{\"@type\":\"BreadcrumbList\",\"@id\":\"https:\/\/www.paris-hotel-gardenelysee.com\/es\/servicios\/#breadcrumb\",\"itemListElement\":[{\"@type\":\"ListItem\",\"position\":1,\"name\":\"Accueil\",\"item\":\"https:\/\/www.paris-hotel-gardenelysee.com\/es\/\"},{\"@type\":\"ListItem\",\"position\":2,\"name\":\"Servicios\"}]},{\"@type\":\"WebSite\",\"@id\":\"https:\/\/www.paris-hotel-gardenelysee.com\/es\/#website\",\"url\":\"https:\/\/www.paris-hotel-gardenelysee.com\/es\/\",\"name\":\"Garden Elysee\",\"description\":\"\",\"potentialAction\":[{\"@type\":\"SearchAction\",\"target\":{\"@type\":\"EntryPoint\",\"urlTemplate\":\"https:\/\/www.paris-hotel-gardenelysee.com\/es\/?s={search_term_string}\"},\"query-input\":{\"@type\":\"PropertyValueSpecification\",\"valueRequired\":true,\"valueName\":\"search_term_string\"}}],\"inLanguage\":\"es\"}]}<\/script>\n<!-- \/ Yoast SEO plugin. -->","yoast_head_json":{"title":"Servicio 4 estrellas - Hotel Garden \u00c9lys\u00e9e - Par\u00eds, distrito 16","description":"Nuestro hotel boutique, situado a unos pasos de los Campos El\u00edseos, dispone de numerosos servicios para sus viajes de negocios o escapadas a Par\u00eds: aparcamiento, wifi gratuito, lavander\u00eda, tintorer\u00eda...","robots":{"index":"index","follow":"follow","max-snippet":"max-snippet:-1","max-image-preview":"max-image-preview:large","max-video-preview":"max-video-preview:-1"},"canonical":"https:\/\/www.paris-hotel-gardenelysee.com\/es\/servicios\/","og_locale":"es_ES","og_type":"article","og_title":"Servicio 4 estrellas - Hotel Garden \u00c9lys\u00e9e - Par\u00eds, distrito 16","og_description":"Nuestro hotel boutique, situado a unos pasos de los Campos El\u00edseos, dispone de numerosos servicios para sus viajes de negocios o escapadas a Par\u00eds: aparcamiento, wifi gratuito, lavander\u00eda, tintorer\u00eda...","og_url":"https:\/\/www.paris-hotel-gardenelysee.com\/es\/servicios\/","og_site_name":"Garden Elysee","article_modified_time":"2021-11-24T17:00:29+00:00","twitter_card":"summary_large_image","twitter_misc":{"Tiempo de lectura":"1 minuto"},"schema":{"@context":"https:\/\/schema.org","@graph":[{"@type":"WebPage","@id":"https:\/\/www.paris-hotel-gardenelysee.com\/es\/servicios\/","url":"https:\/\/www.paris-hotel-gardenelysee.com\/es\/servicios\/","name":"Servicio 4 estrellas - Hotel Garden \u00c9lys\u00e9e - Par\u00eds, distrito 16","isPartOf":{"@id":"https:\/\/www.paris-hotel-gardenelysee.com\/es\/#website"},"datePublished":"2021-10-25T08:54:11+00:00","dateModified":"2021-11-24T17:00:29+00:00","description":"Nuestro hotel boutique, situado a unos pasos de los Campos El\u00edseos, dispone de numerosos servicios para sus viajes de negocios o escapadas a Par\u00eds: aparcamiento, wifi gratuito, lavander\u00eda, tintorer\u00eda...","breadcrumb":{"@id":"https:\/\/www.paris-hotel-gardenelysee.com\/es\/servicios\/#breadcrumb"},"inLanguage":"es","potentialAction":[{"@type":"ReadAction","target":["https:\/\/www.paris-hotel-gardenelysee.com\/es\/servicios\/"]}]},{"@type":"BreadcrumbList","@id":"https:\/\/www.paris-hotel-gardenelysee.com\/es\/servicios\/#breadcrumb","itemListElement":[{"@type":"ListItem","position":1,"name":"Accueil","item":"https:\/\/www.paris-hotel-gardenelysee.com\/es\/"},{"@type":"ListItem","position":2,"name":"Servicios"}]},{"@type":"WebSite","@id":"https:\/\/www.paris-hotel-gardenelysee.com\/es\/#website","url":"https:\/\/www.paris-hotel-gardenelysee.com\/es\/","name":"Garden Elysee","description":"","potentialAction":[{"@type":"SearchAction","target":{"@type":"EntryPoint","urlTemplate":"https:\/\/www.paris-hotel-gardenelysee.com\/es\/?s={search_term_string}"},"query-input":{"@type":"PropertyValueSpecification","valueRequired":true,"valueName":"search_term_string"}}],"inLanguage":"es"}]}},"acf":[],"_links":{"self":[{"href":"https:\/\/www.paris-hotel-gardenelysee.com\/es\/wp-json\/wp\/v2\/pages\/359","targetHints":{"allow":["GET"]}}],"collection":[{"href":"https:\/\/www.paris-hotel-gardenelysee.com\/es\/wp-json\/wp\/v2\/pages"}],"about":[{"href":"https:\/\/www.paris-hotel-gardenelysee.com\/es\/wp-json\/wp\/v2\/types\/page"}],"author":[{"embeddable":true,"href":"https:\/\/www.paris-hotel-gardenelysee.com\/es\/wp-json\/wp\/v2\/users\/15"}],"replies":[{"embeddable":true,"href":"https:\/\/www.paris-hotel-gardenelysee.com\/es\/wp-json\/wp\/v2\/comments?post=359"}],"version-history":[{"count":0,"href":"https:\/\/www.paris-hotel-gardenelysee.com\/es\/wp-json\/wp\/v2\/pages\/359\/revisions"}],"wp:attachment":[{"href":"https:\/\/www.paris-hotel-gardenelysee.com\/es\/wp-json\/wp\/v2\/media?parent=359"}],"curies":[{"name":"wp","href":"https:\/\/api.w.org\/{rel}","templated":true}]}}