{"id":339,"date":"2021-10-21T15:32:20","date_gmt":"2021-10-21T13:32:20","guid":{"rendered":"https:\/\/garden-elysee.ms.decms.eu\/?page_id=339"},"modified":"2022-06-28T11:48:26","modified_gmt":"2022-06-28T09:48:26","slug":"habitacion-individual","status":"publish","type":"page","link":"https:\/\/www.paris-hotel-gardenelysee.com\/es\/habitaciones-y-suites\/habitacion-individual\/","title":{"rendered":"Habitaci\u00f3n Individual"},"content":{"rendered":"<p style=\"text-align: center;\"><strong>1 PERSONA &#8211; 14 M\u00b2 &#8211; CAMA DOBLE.<\/strong><\/p>\n<p style=\"text-align: center;\">La habitaci\u00f3n Individual, ideal para sus viajes profesionales o sus estancias en solitario en Par\u00eds, le ofrece su refugio apacible.<br \/>\nEl wifi gratuito le permite preparar sus reuniones y la ducha le invita a disfrutar de un momento de bienestar.<br \/>\nD\u00e9jese conquistar por la serenidad de los motivos vegetales y los colores naturales.<\/p>\n","protected":false},"excerpt":{"rendered":"<p>1 PERSONA &#8211; 14 M\u00b2 &#8211; CAMA DOBLE. La habitaci\u00f3n Individual, ideal para sus viajes profesionales o sus estancias en solitario en Par\u00eds, le ofrece su refugio apacible. El wifi gratuito le permite preparar sus reuniones y la ducha le invita a disfrutar de un momento de bienestar. D\u00e9jese conquistar por la serenidad de los [&hellip;]<\/p>\n","protected":false},"author":15,"featured_media":0,"parent":338,"menu_order":10,"comment_status":"closed","ping_status":"closed","template":"template-single-room.php","meta":{"footnotes":""},"class_list":["post-339","page","type-page","status-publish","hentry"],"yoast_head":"<!-- This site is optimized with the Yoast SEO plugin v26.9 - https:\/\/yoast.com\/product\/yoast-seo-wordpress\/ -->\n<title>Habitaci\u00f3n individual - Hotel Garden \u00c9lys\u00e9e - 4* - Par\u00eds, distrito 16<\/title>\n<meta name=\"description\" content=\"La habitaci\u00f3n individual del Hotel Garden \u00c9lys\u00e9e, con cama doble y conexi\u00f3n wifi gratuita, es perfecta para una estancia de negocios o un fin de semana en Par\u00eds.\" \/>\n<meta name=\"robots\" content=\"index, follow, max-snippet:-1, max-image-preview:large, max-video-preview:-1\" \/>\n<link rel=\"canonical\" href=\"https:\/\/www.paris-hotel-gardenelysee.com\/es\/habitaciones-y-suites\/habitacion-individual\/\" \/>\n<meta property=\"og:locale\" content=\"es_ES\" \/>\n<meta property=\"og:type\" content=\"article\" \/>\n<meta property=\"og:title\" content=\"Habitaci\u00f3n individual - Hotel Garden \u00c9lys\u00e9e - 4* - Par\u00eds, distrito 16\" \/>\n<meta property=\"og:description\" content=\"La habitaci\u00f3n individual del Hotel Garden \u00c9lys\u00e9e, con cama doble y conexi\u00f3n wifi gratuita, es perfecta para una estancia de negocios o un fin de semana en Par\u00eds.\" \/>\n<meta property=\"og:url\" content=\"https:\/\/www.paris-hotel-gardenelysee.com\/es\/habitaciones-y-suites\/habitacion-individual\/\" \/>\n<meta property=\"og:site_name\" content=\"Garden Elysee\" \/>\n<meta property=\"article:modified_time\" content=\"2022-06-28T09:48:26+00:00\" \/>\n<meta name=\"twitter:card\" content=\"summary_large_image\" \/>\n<meta name=\"twitter:label1\" content=\"Tiempo de lectura\" \/>\n\t<meta name=\"twitter:data1\" content=\"1 minuto\" \/>\n<script type=\"application\/ld+json\" class=\"yoast-schema-graph\">{\"@context\":\"https:\/\/schema.org\",\"@graph\":[{\"@type\":\"WebPage\",\"@id\":\"https:\/\/www.paris-hotel-gardenelysee.com\/es\/habitaciones-y-suites\/habitacion-individual\/\",\"url\":\"https:\/\/www.paris-hotel-gardenelysee.com\/es\/habitaciones-y-suites\/habitacion-individual\/\",\"name\":\"Habitaci\u00f3n individual - Hotel Garden \u00c9lys\u00e9e - 4* - Par\u00eds, distrito 16\",\"isPartOf\":{\"@id\":\"https:\/\/www.paris-hotel-gardenelysee.com\/es\/#website\"},\"datePublished\":\"2021-10-21T13:32:20+00:00\",\"dateModified\":\"2022-06-28T09:48:26+00:00\",\"description\":\"La habitaci\u00f3n individual del Hotel Garden \u00c9lys\u00e9e, con cama doble y conexi\u00f3n wifi gratuita, es perfecta para una estancia de negocios o un fin de semana en Par\u00eds.\",\"breadcrumb\":{\"@id\":\"https:\/\/www.paris-hotel-gardenelysee.com\/es\/habitaciones-y-suites\/habitacion-individual\/#breadcrumb\"},\"inLanguage\":\"es\",\"potentialAction\":[{\"@type\":\"ReadAction\",\"target\":[\"https:\/\/www.paris-hotel-gardenelysee.com\/es\/habitaciones-y-suites\/habitacion-individual\/\"]}]},{\"@type\":\"BreadcrumbList\",\"@id\":\"https:\/\/www.paris-hotel-gardenelysee.com\/es\/habitaciones-y-suites\/habitacion-individual\/#breadcrumb\",\"itemListElement\":[{\"@type\":\"ListItem\",\"position\":1,\"name\":\"Accueil\",\"item\":\"https:\/\/www.paris-hotel-gardenelysee.com\/es\/\"},{\"@type\":\"ListItem\",\"position\":2,\"name\":\"Habitaciones &amp; Suites\",\"item\":\"https:\/\/www.paris-hotel-gardenelysee.com\/es\/habitaciones-y-suites\/\"},{\"@type\":\"ListItem\",\"position\":3,\"name\":\"Habitaci\u00f3n Individual\"}]},{\"@type\":\"WebSite\",\"@id\":\"https:\/\/www.paris-hotel-gardenelysee.com\/es\/#website\",\"url\":\"https:\/\/www.paris-hotel-gardenelysee.com\/es\/\",\"name\":\"Garden Elysee\",\"description\":\"\",\"potentialAction\":[{\"@type\":\"SearchAction\",\"target\":{\"@type\":\"EntryPoint\",\"urlTemplate\":\"https:\/\/www.paris-hotel-gardenelysee.com\/es\/?s={search_term_string}\"},\"query-input\":{\"@type\":\"PropertyValueSpecification\",\"valueRequired\":true,\"valueName\":\"search_term_string\"}}],\"inLanguage\":\"es\"}]}<\/script>\n<!-- \/ Yoast SEO plugin. -->","yoast_head_json":{"title":"Habitaci\u00f3n individual - Hotel Garden \u00c9lys\u00e9e - 4* - Par\u00eds, distrito 16","description":"La habitaci\u00f3n individual del Hotel Garden \u00c9lys\u00e9e, con cama doble y conexi\u00f3n wifi gratuita, es perfecta para una estancia de negocios o un fin de semana en Par\u00eds.","robots":{"index":"index","follow":"follow","max-snippet":"max-snippet:-1","max-image-preview":"max-image-preview:large","max-video-preview":"max-video-preview:-1"},"canonical":"https:\/\/www.paris-hotel-gardenelysee.com\/es\/habitaciones-y-suites\/habitacion-individual\/","og_locale":"es_ES","og_type":"article","og_title":"Habitaci\u00f3n individual - Hotel Garden \u00c9lys\u00e9e - 4* - Par\u00eds, distrito 16","og_description":"La habitaci\u00f3n individual del Hotel Garden \u00c9lys\u00e9e, con cama doble y conexi\u00f3n wifi gratuita, es perfecta para una estancia de negocios o un fin de semana en Par\u00eds.","og_url":"https:\/\/www.paris-hotel-gardenelysee.com\/es\/habitaciones-y-suites\/habitacion-individual\/","og_site_name":"Garden Elysee","article_modified_time":"2022-06-28T09:48:26+00:00","twitter_card":"summary_large_image","twitter_misc":{"Tiempo de lectura":"1 minuto"},"schema":{"@context":"https:\/\/schema.org","@graph":[{"@type":"WebPage","@id":"https:\/\/www.paris-hotel-gardenelysee.com\/es\/habitaciones-y-suites\/habitacion-individual\/","url":"https:\/\/www.paris-hotel-gardenelysee.com\/es\/habitaciones-y-suites\/habitacion-individual\/","name":"Habitaci\u00f3n individual - Hotel Garden \u00c9lys\u00e9e - 4* - Par\u00eds, distrito 16","isPartOf":{"@id":"https:\/\/www.paris-hotel-gardenelysee.com\/es\/#website"},"datePublished":"2021-10-21T13:32:20+00:00","dateModified":"2022-06-28T09:48:26+00:00","description":"La habitaci\u00f3n individual del Hotel Garden \u00c9lys\u00e9e, con cama doble y conexi\u00f3n wifi gratuita, es perfecta para una estancia de negocios o un fin de semana en Par\u00eds.","breadcrumb":{"@id":"https:\/\/www.paris-hotel-gardenelysee.com\/es\/habitaciones-y-suites\/habitacion-individual\/#breadcrumb"},"inLanguage":"es","potentialAction":[{"@type":"ReadAction","target":["https:\/\/www.paris-hotel-gardenelysee.com\/es\/habitaciones-y-suites\/habitacion-individual\/"]}]},{"@type":"BreadcrumbList","@id":"https:\/\/www.paris-hotel-gardenelysee.com\/es\/habitaciones-y-suites\/habitacion-individual\/#breadcrumb","itemListElement":[{"@type":"ListItem","position":1,"name":"Accueil","item":"https:\/\/www.paris-hotel-gardenelysee.com\/es\/"},{"@type":"ListItem","position":2,"name":"Habitaciones &amp; Suites","item":"https:\/\/www.paris-hotel-gardenelysee.com\/es\/habitaciones-y-suites\/"},{"@type":"ListItem","position":3,"name":"Habitaci\u00f3n Individual"}]},{"@type":"WebSite","@id":"https:\/\/www.paris-hotel-gardenelysee.com\/es\/#website","url":"https:\/\/www.paris-hotel-gardenelysee.com\/es\/","name":"Garden Elysee","description":"","potentialAction":[{"@type":"SearchAction","target":{"@type":"EntryPoint","urlTemplate":"https:\/\/www.paris-hotel-gardenelysee.com\/es\/?s={search_term_string}"},"query-input":{"@type":"PropertyValueSpecification","valueRequired":true,"valueName":"search_term_string"}}],"inLanguage":"es"}]}},"acf":[],"_links":{"self":[{"href":"https:\/\/www.paris-hotel-gardenelysee.com\/es\/wp-json\/wp\/v2\/pages\/339","targetHints":{"allow":["GET"]}}],"collection":[{"href":"https:\/\/www.paris-hotel-gardenelysee.com\/es\/wp-json\/wp\/v2\/pages"}],"about":[{"href":"https:\/\/www.paris-hotel-gardenelysee.com\/es\/wp-json\/wp\/v2\/types\/page"}],"author":[{"embeddable":true,"href":"https:\/\/www.paris-hotel-gardenelysee.com\/es\/wp-json\/wp\/v2\/users\/15"}],"replies":[{"embeddable":true,"href":"https:\/\/www.paris-hotel-gardenelysee.com\/es\/wp-json\/wp\/v2\/comments?post=339"}],"version-history":[{"count":0,"href":"https:\/\/www.paris-hotel-gardenelysee.com\/es\/wp-json\/wp\/v2\/pages\/339\/revisions"}],"up":[{"embeddable":true,"href":"https:\/\/www.paris-hotel-gardenelysee.com\/es\/wp-json\/wp\/v2\/pages\/338"}],"wp:attachment":[{"href":"https:\/\/www.paris-hotel-gardenelysee.com\/es\/wp-json\/wp\/v2\/media?parent=339"}],"curies":[{"name":"wp","href":"https:\/\/api.w.org\/{rel}","templated":true}]}}