{"id":322,"date":"2021-10-18T13:10:29","date_gmt":"2021-10-18T11:10:29","guid":{"rendered":"https:\/\/garden-elysee.ms.decms.eu\/?page_id=322"},"modified":"2021-11-24T18:55:54","modified_gmt":"2021-11-24T17:55:54","slug":"get-in-touch","status":"publish","type":"page","link":"https:\/\/www.paris-hotel-gardenelysee.com\/en\/get-in-touch\/","title":{"rendered":"Get in touch"},"content":{"rendered":"<p style=\"text-align: center;\">Please do not hesitate to contact us for a reservation or more information about our hotel.<\/p>\n\n                <div class='gf_browser_gecko gform_wrapper' id='gform_wrapper_2' ><form method='post' enctype='multipart\/form-data'  id='gform_2'  action='\/en\/wp-json\/wp\/v2\/pages\/322'>\n                        <div class='gform_body'><ul id='gform_fields_2' class='gform_fields top_label form_sublabel_below description_below'><li id='field_2_11'  class='gfield medium gfield_contains_required field_sublabel_below field_description_below gfield_visibility_visible' ><label class='gfield_label' for='input_2_11' >First name<span class='gfield_required'>*<\/span><\/label><div class='ginput_container ginput_container_text'><input name='input_11' id='input_2_11' type='text' value='' class='medium'     aria-required=\"true\" aria-invalid=\"false\" \/><\/div><\/li><li id='field_2_12'  class='gfield medium gfield_contains_required field_sublabel_below field_description_below gfield_visibility_visible' ><label class='gfield_label' for='input_2_12' >Last name<span class='gfield_required'>*<\/span><\/label><div class='ginput_container ginput_container_text'><input name='input_12' id='input_2_12' type='text' value='' class='medium'     aria-required=\"true\" aria-invalid=\"false\" \/><\/div><\/li><li id='field_2_4'  class='gfield medium gfield_contains_required field_sublabel_below field_description_below gfield_visibility_visible' ><label class='gfield_label' for='input_2_4' >E-mail<span class='gfield_required'>*<\/span><\/label><div class='ginput_container ginput_container_email'>\n                            <input name='input_4' id='input_2_4' type='text' value='' class='medium'    aria-required=\"true\" aria-invalid=\"false\" \/>\n                        <\/div><\/li><li id='field_2_5'  class='gfield medium field_sublabel_below field_description_below gfield_visibility_visible' ><label class='gfield_label' for='input_2_5' >Phone number<\/label><div class='ginput_container ginput_container_phone'><input name='input_5' id='input_2_5' type='text' value='' class='medium'    aria-invalid=\"false\"  \/><\/div><\/li><li id='field_2_15'  class='gfield gfield_contains_required field_sublabel_below field_description_below gfield_visibility_visible' ><label class='gfield_label'  >Service concerned<span class='gfield_required'>*<\/span><\/label><div class='ginput_container ginput_container_checkbox'><ul class='gfield_checkbox' id='input_2_15'><li class='gchoice_2_15_1'>\n\t\t\t\t\t\t\t\t<input name='input_15.1' type='checkbox'  value='Booking'  id='choice_2_15_1'   \/>\n\t\t\t\t\t\t\t\t<label for='choice_2_15_1' id='label_2_15_1'>Booking<\/label>\n\t\t\t\t\t\t\t<\/li><li class='gchoice_2_15_2'>\n\t\t\t\t\t\t\t\t<input name='input_15.2' type='checkbox'  value='Hiring'  id='choice_2_15_2'   \/>\n\t\t\t\t\t\t\t\t<label for='choice_2_15_2' id='label_2_15_2'>Hiring<\/label>\n\t\t\t\t\t\t\t<\/li><li class='gchoice_2_15_3'>\n\t\t\t\t\t\t\t\t<input name='input_15.3' type='checkbox'  value='Sales'  id='choice_2_15_3'   \/>\n\t\t\t\t\t\t\t\t<label for='choice_2_15_3' id='label_2_15_3'>Sales<\/label>\n\t\t\t\t\t\t\t<\/li><li class='gchoice_2_15_4'>\n\t\t\t\t\t\t\t\t<input name='input_15.4' type='checkbox'  value='Other'  id='choice_2_15_4'   \/>\n\t\t\t\t\t\t\t\t<label for='choice_2_15_4' id='label_2_15_4'>Other<\/label>\n\t\t\t\t\t\t\t<\/li><\/ul><\/div><\/li><li id='field_2_7'  class='gfield medium field_sublabel_below field_description_below gfield_visibility_visible' ><label class='gfield_label' for='input_2_7' >Subject of your request<\/label><div class='ginput_container ginput_container_text'><input name='input_7' id='input_2_7' type='text' value='' class='medium'      aria-invalid=\"false\" \/><\/div><\/li><li id='field_2_6'  class='gfield gfield_contains_required field_sublabel_below field_description_below gfield_visibility_visible' ><label class='gfield_label' for='input_2_6' >Your request<span class='gfield_required'>*<\/span><\/label><div class='ginput_container ginput_container_textarea'><textarea name='input_6' id='input_2_6' class='textarea medium'     aria-required=\"true\" aria-invalid=\"false\"   rows='10' cols='50'><\/textarea><\/div><\/li><li id='field_2_16'  class='gfield gfield_html gfield_html_formatted gfield_no_follows_desc field_sublabel_below field_description_below gfield_visibility_visible' ><p>The Garden Elys\u00e9e Hotel processes the data collected to manage any request received\nthrough this contact form. They will be kept for up to two years after your last contact. You\ncan exercise your rights of access, modification, correction, and deletion of your data by\nsending an email to dpo-hotelgarden@elystel.com.\nFor more information on how your data is managed and your rights, please refer to our\n<a href=\"https:\/\/www.paris-hotel-gardenelysee.com\/en\/privacy-policy\/\" target=\"_blank\">Privacy Policy<\/a>.\nI freely and knowingly consent to the processing of my data by the Garden Elys\u00e9e Hotel to\nrespond to my request, and I also acknowledge my right to withdraw any consent given.<\/p><\/li><li id='field_2_8'  class='gfield field_sublabel_below field_description_below gfield_visibility_visible' ><label class='gfield_label'  >Privacy policy<\/label><div class='ginput_container ginput_container_consent'><input name='input_8.1' id='input_2_8_1' type='checkbox' value='1'    aria-invalid=\"false\"   \/> <label class=\"gfield_consent_label\" for='input_2_8_1' >By entering your data, you agree that the Garden Elysee Hotel may contact you by e-mail.<\/label><input type='hidden' name='input_8.2' value='By entering your data, you agree that the Garden Elysee Hotel may contact you by e-mail.' class='gform_hidden' \/><input type='hidden' name='input_8.3' value='2' class='gform_hidden' \/><\/div><\/li><li id='field_2_9'  class='gfield field_sublabel_below field_description_below gfield_visibility_visible' ><label class='gfield_label' for='input_2_9' >CAPTCHA<\/label><div id='input_2_9' class='ginput_container ginput_recaptcha' data-sitekey='6LdHa9ocAAAAAJ37slZW2UaHOS6lS2v-CE1HbWvO'  data-theme='light' data-tabindex='0'  data-badge=''><\/div><\/li><li id='field_2_17'  class='gfield gform_validation_container field_sublabel_below field_description_below gfield_visibility_visible' ><label class='gfield_label' for='input_2_17' >Comments<\/label><div class='ginput_container'><input name='input_17' id='input_2_17' type='text' value='' \/><\/div><div class='gfield_description' id='gfield_description_2_17'>This field is for validation purposes and should be left unchanged.<\/div><\/li>\n                            <\/ul><\/div>\n        <div class='gform_footer top_label'> <input type='submit' id='gform_submit_button_2' class='gform_button button' value='Send'  onclick='if(window[\"gf_submitting_2\"]){return false;}  window[\"gf_submitting_2\"]=true;  ' onkeypress='if( event.keyCode == 13 ){ if(window[\"gf_submitting_2\"]){return false;} window[\"gf_submitting_2\"]=true;  jQuery(\"#gform_2\").trigger(\"submit\",[true]); }' \/> \n            <input type='hidden' class='gform_hidden' name='is_submit_2' value='1' \/>\n            <input type='hidden' class='gform_hidden' name='gform_submit' value='2' \/>\n            \n            <input type='hidden' class='gform_hidden' name='gform_unique_id' value='' \/>\n            <input type='hidden' class='gform_hidden' name='state_2' value='WyJ7XCI4LjFcIjpcImYxZmM1MjFlYjZkMjBhN2NlMTc5YzMwOWZlYTgzN2Q3XCIsXCI4LjJcIjpcIjZmMzhmOGE4YWM5MDExM2U0Nzk5NDVmNGFhOTVmMGMxXCIsXCI4LjNcIjpcImEyNjhjZmQzYTMwOTUyY2JlZWYyZDJhNWVmYmZhZTBmXCJ9IiwiOGM5YWJkZWZmMWZkZGNkNzM0NTYzODJiNmJlMWRlNWUiXQ==' \/>\n            <input type='hidden' class='gform_hidden' name='gform_target_page_number_2' id='gform_target_page_number_2' value='0' \/>\n            <input type='hidden' class='gform_hidden' name='gform_source_page_number_2' id='gform_source_page_number_2' value='1' \/>\n            <input type='hidden' name='gform_field_values' value='' \/>\n            \n        <\/div>\n                        <\/form>\n                        <\/div><script type='text\/javascript'> jQuery(document).bind('gform_post_render', function(event, formId, currentPage){if(formId == 2) {} } );jQuery(document).bind('gform_post_conditional_logic', function(event, formId, fields, isInit){} );<\/script><script type='text\/javascript'> jQuery(document).ready(function(){jQuery(document).trigger('gform_post_render', [2, 1]) } ); <\/script>\n","protected":false},"excerpt":{"rendered":"<p>Please do not hesitate to contact us for a reservation or more information about our hotel.<\/p>\n","protected":false},"author":15,"featured_media":0,"parent":0,"menu_order":0,"comment_status":"closed","ping_status":"closed","template":"template-contacts.php","meta":{"footnotes":""},"class_list":["post-322","page","type-page","status-publish","hentry"],"yoast_head":"<!-- This site is optimized with the Yoast SEO plugin v26.9 - https:\/\/yoast.com\/product\/yoast-seo-wordpress\/ -->\n<title>Contact \u2013 Garden \u00c9lys\u00e9e Hotel \u2013 Boutique hotel Paris 16e<\/title>\n<meta name=\"description\" content=\"Book your room or suite now in our 4-star boutique hotel, located between the Champs-\u00c9lys\u00e9es and the Trocad\u00e9ro.\" \/>\n<meta name=\"robots\" content=\"index, follow, max-snippet:-1, max-image-preview:large, max-video-preview:-1\" \/>\n<link rel=\"canonical\" href=\"https:\/\/www.paris-hotel-gardenelysee.com\/en\/get-in-touch\/\" \/>\n<meta property=\"og:locale\" content=\"en_US\" \/>\n<meta property=\"og:type\" content=\"article\" \/>\n<meta property=\"og:title\" content=\"Contact \u2013 Garden \u00c9lys\u00e9e Hotel \u2013 Boutique hotel Paris 16e\" \/>\n<meta property=\"og:description\" content=\"Book your room or suite now in our 4-star boutique hotel, located between the Champs-\u00c9lys\u00e9es and the Trocad\u00e9ro.\" \/>\n<meta property=\"og:url\" content=\"https:\/\/www.paris-hotel-gardenelysee.com\/en\/get-in-touch\/\" \/>\n<meta property=\"og:site_name\" content=\"Garden Elysee\" \/>\n<meta property=\"article:modified_time\" content=\"2021-11-24T17:55:54+00:00\" \/>\n<meta name=\"twitter:card\" content=\"summary_large_image\" \/>\n<meta name=\"twitter:label1\" content=\"Est. reading time\" \/>\n\t<meta name=\"twitter:data1\" content=\"1 minute\" \/>\n<script type=\"application\/ld+json\" class=\"yoast-schema-graph\">{\"@context\":\"https:\/\/schema.org\",\"@graph\":[{\"@type\":\"WebPage\",\"@id\":\"https:\/\/www.paris-hotel-gardenelysee.com\/en\/get-in-touch\/\",\"url\":\"https:\/\/www.paris-hotel-gardenelysee.com\/en\/get-in-touch\/\",\"name\":\"Contact \u2013 Garden \u00c9lys\u00e9e Hotel \u2013 Boutique hotel Paris 16e\",\"isPartOf\":{\"@id\":\"https:\/\/www.paris-hotel-gardenelysee.com\/en\/#website\"},\"datePublished\":\"2021-10-18T11:10:29+00:00\",\"dateModified\":\"2021-11-24T17:55:54+00:00\",\"description\":\"Book your room or suite now in our 4-star boutique hotel, located between the Champs-\u00c9lys\u00e9es and the Trocad\u00e9ro.\",\"breadcrumb\":{\"@id\":\"https:\/\/www.paris-hotel-gardenelysee.com\/en\/get-in-touch\/#breadcrumb\"},\"inLanguage\":\"en-US\",\"potentialAction\":[{\"@type\":\"ReadAction\",\"target\":[\"https:\/\/www.paris-hotel-gardenelysee.com\/en\/get-in-touch\/\"]}]},{\"@type\":\"BreadcrumbList\",\"@id\":\"https:\/\/www.paris-hotel-gardenelysee.com\/en\/get-in-touch\/#breadcrumb\",\"itemListElement\":[{\"@type\":\"ListItem\",\"position\":1,\"name\":\"Accueil\",\"item\":\"https:\/\/www.paris-hotel-gardenelysee.com\/en\/\"},{\"@type\":\"ListItem\",\"position\":2,\"name\":\"Get in touch\"}]},{\"@type\":\"WebSite\",\"@id\":\"https:\/\/www.paris-hotel-gardenelysee.com\/en\/#website\",\"url\":\"https:\/\/www.paris-hotel-gardenelysee.com\/en\/\",\"name\":\"Garden Elysee\",\"description\":\"\",\"potentialAction\":[{\"@type\":\"SearchAction\",\"target\":{\"@type\":\"EntryPoint\",\"urlTemplate\":\"https:\/\/www.paris-hotel-gardenelysee.com\/en\/?s={search_term_string}\"},\"query-input\":{\"@type\":\"PropertyValueSpecification\",\"valueRequired\":true,\"valueName\":\"search_term_string\"}}],\"inLanguage\":\"en-US\"}]}<\/script>\n<!-- \/ Yoast SEO plugin. -->","yoast_head_json":{"title":"Contact \u2013 Garden \u00c9lys\u00e9e Hotel \u2013 Boutique hotel Paris 16e","description":"Book your room or suite now in our 4-star boutique hotel, located between the Champs-\u00c9lys\u00e9es and the Trocad\u00e9ro.","robots":{"index":"index","follow":"follow","max-snippet":"max-snippet:-1","max-image-preview":"max-image-preview:large","max-video-preview":"max-video-preview:-1"},"canonical":"https:\/\/www.paris-hotel-gardenelysee.com\/en\/get-in-touch\/","og_locale":"en_US","og_type":"article","og_title":"Contact \u2013 Garden \u00c9lys\u00e9e Hotel \u2013 Boutique hotel Paris 16e","og_description":"Book your room or suite now in our 4-star boutique hotel, located between the Champs-\u00c9lys\u00e9es and the Trocad\u00e9ro.","og_url":"https:\/\/www.paris-hotel-gardenelysee.com\/en\/get-in-touch\/","og_site_name":"Garden Elysee","article_modified_time":"2021-11-24T17:55:54+00:00","twitter_card":"summary_large_image","twitter_misc":{"Est. reading time":"1 minute"},"schema":{"@context":"https:\/\/schema.org","@graph":[{"@type":"WebPage","@id":"https:\/\/www.paris-hotel-gardenelysee.com\/en\/get-in-touch\/","url":"https:\/\/www.paris-hotel-gardenelysee.com\/en\/get-in-touch\/","name":"Contact \u2013 Garden \u00c9lys\u00e9e Hotel \u2013 Boutique hotel Paris 16e","isPartOf":{"@id":"https:\/\/www.paris-hotel-gardenelysee.com\/en\/#website"},"datePublished":"2021-10-18T11:10:29+00:00","dateModified":"2021-11-24T17:55:54+00:00","description":"Book your room or suite now in our 4-star boutique hotel, located between the Champs-\u00c9lys\u00e9es and the Trocad\u00e9ro.","breadcrumb":{"@id":"https:\/\/www.paris-hotel-gardenelysee.com\/en\/get-in-touch\/#breadcrumb"},"inLanguage":"en-US","potentialAction":[{"@type":"ReadAction","target":["https:\/\/www.paris-hotel-gardenelysee.com\/en\/get-in-touch\/"]}]},{"@type":"BreadcrumbList","@id":"https:\/\/www.paris-hotel-gardenelysee.com\/en\/get-in-touch\/#breadcrumb","itemListElement":[{"@type":"ListItem","position":1,"name":"Accueil","item":"https:\/\/www.paris-hotel-gardenelysee.com\/en\/"},{"@type":"ListItem","position":2,"name":"Get in touch"}]},{"@type":"WebSite","@id":"https:\/\/www.paris-hotel-gardenelysee.com\/en\/#website","url":"https:\/\/www.paris-hotel-gardenelysee.com\/en\/","name":"Garden Elysee","description":"","potentialAction":[{"@type":"SearchAction","target":{"@type":"EntryPoint","urlTemplate":"https:\/\/www.paris-hotel-gardenelysee.com\/en\/?s={search_term_string}"},"query-input":{"@type":"PropertyValueSpecification","valueRequired":true,"valueName":"search_term_string"}}],"inLanguage":"en-US"}]}},"acf":[],"_links":{"self":[{"href":"https:\/\/www.paris-hotel-gardenelysee.com\/en\/wp-json\/wp\/v2\/pages\/322","targetHints":{"allow":["GET"]}}],"collection":[{"href":"https:\/\/www.paris-hotel-gardenelysee.com\/en\/wp-json\/wp\/v2\/pages"}],"about":[{"href":"https:\/\/www.paris-hotel-gardenelysee.com\/en\/wp-json\/wp\/v2\/types\/page"}],"author":[{"embeddable":true,"href":"https:\/\/www.paris-hotel-gardenelysee.com\/en\/wp-json\/wp\/v2\/users\/15"}],"replies":[{"embeddable":true,"href":"https:\/\/www.paris-hotel-gardenelysee.com\/en\/wp-json\/wp\/v2\/comments?post=322"}],"version-history":[{"count":0,"href":"https:\/\/www.paris-hotel-gardenelysee.com\/en\/wp-json\/wp\/v2\/pages\/322\/revisions"}],"wp:attachment":[{"href":"https:\/\/www.paris-hotel-gardenelysee.com\/en\/wp-json\/wp\/v2\/media?parent=322"}],"curies":[{"name":"wp","href":"https:\/\/api.w.org\/{rel}","templated":true}]}}