{"id":308,"date":"2021-10-18T12:26:58","date_gmt":"2021-10-18T10:26:58","guid":{"rendered":"https:\/\/garden-elysee.ms.decms.eu\/?page_id=308"},"modified":"2021-11-10T16:01:00","modified_gmt":"2021-11-10T15:01:00","slug":"around-the-hotel","status":"publish","type":"page","link":"https:\/\/www.paris-hotel-gardenelysee.com\/en\/around-the-hotel\/","title":{"rendered":"Around the hotel"},"content":{"rendered":"<p style=\"text-align: center;\">The 16th arrondissement is full of cultural highlights. Keep an eye on the current exhibitions at the Palais de Tokyo, dedicated to modern art, and travel to Asia through the impressive collection of artefacts in the Mus\u00e9e Guimet.<\/p>\n<p style=\"text-align: center;\">On your way to the Trocad\u00e9ro esplanade, take a trip back in time at the Mus\u00e9e de l\u2019Homme, before admiring the view of the Eiffel Tower.<\/p>\n<p style=\"text-align: center;\">Along the River Seine, explore the striking Mus\u00e9e du quai Branly, or take a cruise on one of Paris\u2019s famous Bateaux Mouches.<\/p>\n","protected":false},"excerpt":{"rendered":"<p>The 16th arrondissement is full of cultural highlights. Keep an eye on the current exhibitions at the Palais de Tokyo, dedicated to modern art, and travel to Asia through the impressive collection of artefacts in the Mus\u00e9e Guimet. On your way to the Trocad\u00e9ro esplanade, take a trip back in time at the Mus\u00e9e de [&hellip;]<\/p>\n","protected":false},"author":15,"featured_media":0,"parent":0,"menu_order":0,"comment_status":"closed","ping_status":"closed","template":"template-surroundings.php","meta":{"footnotes":""},"class_list":["post-308","page","type-page","status-publish","hentry"],"yoast_head":"<!-- This site is optimized with the Yoast SEO plugin v26.9 - https:\/\/yoast.com\/product\/yoast-seo-wordpress\/ -->\n<title>Guide to attractions around the 4-star Garden \u00c9lys\u00e9e Hotel \u2013 Paris 16e<\/title>\n<meta name=\"description\" content=\"Near the Garden \u00c9lys\u00e9e Hotel, visit the Mus\u00e9e Guimet or the Palais de Tokyo. Go shopping on the Champs-\u00c9lys\u00e9es or view the Eiffel Tower from the Trocad\u00e9ro.\" \/>\n<meta name=\"robots\" content=\"index, follow, max-snippet:-1, max-image-preview:large, max-video-preview:-1\" \/>\n<link rel=\"canonical\" href=\"https:\/\/www.paris-hotel-gardenelysee.com\/en\/around-the-hotel\/\" \/>\n<meta property=\"og:locale\" content=\"en_US\" \/>\n<meta property=\"og:type\" content=\"article\" \/>\n<meta property=\"og:title\" content=\"Guide to attractions around the 4-star Garden \u00c9lys\u00e9e Hotel \u2013 Paris 16e\" \/>\n<meta property=\"og:description\" content=\"Near the Garden \u00c9lys\u00e9e Hotel, visit the Mus\u00e9e Guimet or the Palais de Tokyo. Go shopping on the Champs-\u00c9lys\u00e9es or view the Eiffel Tower from the Trocad\u00e9ro.\" \/>\n<meta property=\"og:url\" content=\"https:\/\/www.paris-hotel-gardenelysee.com\/en\/around-the-hotel\/\" \/>\n<meta property=\"og:site_name\" content=\"Garden Elysee\" \/>\n<meta property=\"article:modified_time\" content=\"2021-11-10T15:01:00+00:00\" \/>\n<meta name=\"twitter:card\" content=\"summary_large_image\" \/>\n<meta name=\"twitter:label1\" content=\"Est. reading time\" \/>\n\t<meta name=\"twitter:data1\" content=\"1 minute\" \/>\n<script type=\"application\/ld+json\" class=\"yoast-schema-graph\">{\"@context\":\"https:\/\/schema.org\",\"@graph\":[{\"@type\":\"WebPage\",\"@id\":\"https:\/\/www.paris-hotel-gardenelysee.com\/en\/around-the-hotel\/\",\"url\":\"https:\/\/www.paris-hotel-gardenelysee.com\/en\/around-the-hotel\/\",\"name\":\"Guide to attractions around the 4-star Garden \u00c9lys\u00e9e Hotel \u2013 Paris 16e\",\"isPartOf\":{\"@id\":\"https:\/\/www.paris-hotel-gardenelysee.com\/en\/#website\"},\"datePublished\":\"2021-10-18T10:26:58+00:00\",\"dateModified\":\"2021-11-10T15:01:00+00:00\",\"description\":\"Near the Garden \u00c9lys\u00e9e Hotel, visit the Mus\u00e9e Guimet or the Palais de Tokyo. Go shopping on the Champs-\u00c9lys\u00e9es or view the Eiffel Tower from the Trocad\u00e9ro.\",\"breadcrumb\":{\"@id\":\"https:\/\/www.paris-hotel-gardenelysee.com\/en\/around-the-hotel\/#breadcrumb\"},\"inLanguage\":\"en-US\",\"potentialAction\":[{\"@type\":\"ReadAction\",\"target\":[\"https:\/\/www.paris-hotel-gardenelysee.com\/en\/around-the-hotel\/\"]}]},{\"@type\":\"BreadcrumbList\",\"@id\":\"https:\/\/www.paris-hotel-gardenelysee.com\/en\/around-the-hotel\/#breadcrumb\",\"itemListElement\":[{\"@type\":\"ListItem\",\"position\":1,\"name\":\"Accueil\",\"item\":\"https:\/\/www.paris-hotel-gardenelysee.com\/en\/\"},{\"@type\":\"ListItem\",\"position\":2,\"name\":\"Around the hotel\"}]},{\"@type\":\"WebSite\",\"@id\":\"https:\/\/www.paris-hotel-gardenelysee.com\/en\/#website\",\"url\":\"https:\/\/www.paris-hotel-gardenelysee.com\/en\/\",\"name\":\"Garden Elysee\",\"description\":\"\",\"potentialAction\":[{\"@type\":\"SearchAction\",\"target\":{\"@type\":\"EntryPoint\",\"urlTemplate\":\"https:\/\/www.paris-hotel-gardenelysee.com\/en\/?s={search_term_string}\"},\"query-input\":{\"@type\":\"PropertyValueSpecification\",\"valueRequired\":true,\"valueName\":\"search_term_string\"}}],\"inLanguage\":\"en-US\"}]}<\/script>\n<!-- \/ Yoast SEO plugin. -->","yoast_head_json":{"title":"Guide to attractions around the 4-star Garden \u00c9lys\u00e9e Hotel \u2013 Paris 16e","description":"Near the Garden \u00c9lys\u00e9e Hotel, visit the Mus\u00e9e Guimet or the Palais de Tokyo. Go shopping on the Champs-\u00c9lys\u00e9es or view the Eiffel Tower from the Trocad\u00e9ro.","robots":{"index":"index","follow":"follow","max-snippet":"max-snippet:-1","max-image-preview":"max-image-preview:large","max-video-preview":"max-video-preview:-1"},"canonical":"https:\/\/www.paris-hotel-gardenelysee.com\/en\/around-the-hotel\/","og_locale":"en_US","og_type":"article","og_title":"Guide to attractions around the 4-star Garden \u00c9lys\u00e9e Hotel \u2013 Paris 16e","og_description":"Near the Garden \u00c9lys\u00e9e Hotel, visit the Mus\u00e9e Guimet or the Palais de Tokyo. Go shopping on the Champs-\u00c9lys\u00e9es or view the Eiffel Tower from the Trocad\u00e9ro.","og_url":"https:\/\/www.paris-hotel-gardenelysee.com\/en\/around-the-hotel\/","og_site_name":"Garden Elysee","article_modified_time":"2021-11-10T15:01:00+00:00","twitter_card":"summary_large_image","twitter_misc":{"Est. reading time":"1 minute"},"schema":{"@context":"https:\/\/schema.org","@graph":[{"@type":"WebPage","@id":"https:\/\/www.paris-hotel-gardenelysee.com\/en\/around-the-hotel\/","url":"https:\/\/www.paris-hotel-gardenelysee.com\/en\/around-the-hotel\/","name":"Guide to attractions around the 4-star Garden \u00c9lys\u00e9e Hotel \u2013 Paris 16e","isPartOf":{"@id":"https:\/\/www.paris-hotel-gardenelysee.com\/en\/#website"},"datePublished":"2021-10-18T10:26:58+00:00","dateModified":"2021-11-10T15:01:00+00:00","description":"Near the Garden \u00c9lys\u00e9e Hotel, visit the Mus\u00e9e Guimet or the Palais de Tokyo. Go shopping on the Champs-\u00c9lys\u00e9es or view the Eiffel Tower from the Trocad\u00e9ro.","breadcrumb":{"@id":"https:\/\/www.paris-hotel-gardenelysee.com\/en\/around-the-hotel\/#breadcrumb"},"inLanguage":"en-US","potentialAction":[{"@type":"ReadAction","target":["https:\/\/www.paris-hotel-gardenelysee.com\/en\/around-the-hotel\/"]}]},{"@type":"BreadcrumbList","@id":"https:\/\/www.paris-hotel-gardenelysee.com\/en\/around-the-hotel\/#breadcrumb","itemListElement":[{"@type":"ListItem","position":1,"name":"Accueil","item":"https:\/\/www.paris-hotel-gardenelysee.com\/en\/"},{"@type":"ListItem","position":2,"name":"Around the hotel"}]},{"@type":"WebSite","@id":"https:\/\/www.paris-hotel-gardenelysee.com\/en\/#website","url":"https:\/\/www.paris-hotel-gardenelysee.com\/en\/","name":"Garden Elysee","description":"","potentialAction":[{"@type":"SearchAction","target":{"@type":"EntryPoint","urlTemplate":"https:\/\/www.paris-hotel-gardenelysee.com\/en\/?s={search_term_string}"},"query-input":{"@type":"PropertyValueSpecification","valueRequired":true,"valueName":"search_term_string"}}],"inLanguage":"en-US"}]}},"acf":[],"_links":{"self":[{"href":"https:\/\/www.paris-hotel-gardenelysee.com\/en\/wp-json\/wp\/v2\/pages\/308","targetHints":{"allow":["GET"]}}],"collection":[{"href":"https:\/\/www.paris-hotel-gardenelysee.com\/en\/wp-json\/wp\/v2\/pages"}],"about":[{"href":"https:\/\/www.paris-hotel-gardenelysee.com\/en\/wp-json\/wp\/v2\/types\/page"}],"author":[{"embeddable":true,"href":"https:\/\/www.paris-hotel-gardenelysee.com\/en\/wp-json\/wp\/v2\/users\/15"}],"replies":[{"embeddable":true,"href":"https:\/\/www.paris-hotel-gardenelysee.com\/en\/wp-json\/wp\/v2\/comments?post=308"}],"version-history":[{"count":0,"href":"https:\/\/www.paris-hotel-gardenelysee.com\/en\/wp-json\/wp\/v2\/pages\/308\/revisions"}],"wp:attachment":[{"href":"https:\/\/www.paris-hotel-gardenelysee.com\/en\/wp-json\/wp\/v2\/media?parent=308"}],"curies":[{"name":"wp","href":"https:\/\/api.w.org\/{rel}","templated":true}]}}