{"id":280,"date":"2021-10-18T11:22:31","date_gmt":"2021-10-18T09:22:31","guid":{"rendered":"https:\/\/garden-elysee.ms.decms.eu\/?page_id=280"},"modified":"2023-09-21T09:38:06","modified_gmt":"2023-09-21T07:38:06","slug":"restaurant","status":"publish","type":"page","link":"https:\/\/www.paris-hotel-gardenelysee.com\/en\/restaurant\/","title":{"rendered":"Restaurant"},"content":{"rendered":"<p style=\"text-align: center\">Start your day with our irresistible breakfast in the lounge overlooking the garden, or in the private comfort of your room.<\/p>\n<p style=\"text-align: center\">In the evening, our barman is on hand to recommend a glass of wine or customise your favourite cocktail. His creations, like the delicious dishes on the menu, can be sampled in the lounge-bar, on the terrace, in the winter garden or via room service.<\/p>\n","protected":false},"excerpt":{"rendered":"<p>Start your day with our irresistible breakfast in the lounge overlooking the garden, or in the private comfort of your room. In the evening, our barman is on hand to recommend a glass of wine or customise your favourite cocktail. His creations, like the delicious dishes on the menu, can be sampled in the lounge-bar, [&hellip;]<\/p>\n","protected":false},"author":15,"featured_media":0,"parent":0,"menu_order":0,"comment_status":"closed","ping_status":"closed","template":"template-restaurants.php","meta":{"footnotes":""},"class_list":["post-280","page","type-page","status-publish","hentry"],"yoast_head":"<!-- This site is optimized with the Yoast SEO plugin v26.9 - https:\/\/yoast.com\/product\/yoast-seo-wordpress\/ -->\n<title>Dining \u2013 Garden \u00c9lys\u00e9e Hotel \u2013 Central Paris<\/title>\n<meta name=\"description\" content=\"Breakfast, lounge bar and in-room dining: make the most of the restaurant services at the Garden \u00c9lys\u00e9e Hotel, steps away from the Champs-\u00c9lys\u00e9es.\" \/>\n<meta name=\"robots\" content=\"index, follow, max-snippet:-1, max-image-preview:large, max-video-preview:-1\" \/>\n<link rel=\"canonical\" href=\"https:\/\/www.paris-hotel-gardenelysee.com\/en\/restaurant\/\" \/>\n<meta property=\"og:locale\" content=\"en_US\" \/>\n<meta property=\"og:type\" content=\"article\" \/>\n<meta property=\"og:title\" content=\"Dining \u2013 Garden \u00c9lys\u00e9e Hotel \u2013 Central Paris\" \/>\n<meta property=\"og:description\" content=\"Breakfast, lounge bar and in-room dining: make the most of the restaurant services at the Garden \u00c9lys\u00e9e Hotel, steps away from the Champs-\u00c9lys\u00e9es.\" \/>\n<meta property=\"og:url\" content=\"https:\/\/www.paris-hotel-gardenelysee.com\/en\/restaurant\/\" \/>\n<meta property=\"og:site_name\" content=\"Garden Elysee\" \/>\n<meta property=\"article:modified_time\" content=\"2023-09-21T07:38:06+00:00\" \/>\n<meta name=\"twitter:card\" content=\"summary_large_image\" \/>\n<meta name=\"twitter:label1\" content=\"Est. reading time\" \/>\n\t<meta name=\"twitter:data1\" content=\"1 minute\" \/>\n<script type=\"application\/ld+json\" class=\"yoast-schema-graph\">{\"@context\":\"https:\/\/schema.org\",\"@graph\":[{\"@type\":\"WebPage\",\"@id\":\"https:\/\/www.paris-hotel-gardenelysee.com\/en\/restaurant\/\",\"url\":\"https:\/\/www.paris-hotel-gardenelysee.com\/en\/restaurant\/\",\"name\":\"Dining \u2013 Garden \u00c9lys\u00e9e Hotel \u2013 Central Paris\",\"isPartOf\":{\"@id\":\"https:\/\/www.paris-hotel-gardenelysee.com\/en\/#website\"},\"datePublished\":\"2021-10-18T09:22:31+00:00\",\"dateModified\":\"2023-09-21T07:38:06+00:00\",\"description\":\"Breakfast, lounge bar and in-room dining: make the most of the restaurant services at the Garden \u00c9lys\u00e9e Hotel, steps away from the Champs-\u00c9lys\u00e9es.\",\"breadcrumb\":{\"@id\":\"https:\/\/www.paris-hotel-gardenelysee.com\/en\/restaurant\/#breadcrumb\"},\"inLanguage\":\"en-US\",\"potentialAction\":[{\"@type\":\"ReadAction\",\"target\":[\"https:\/\/www.paris-hotel-gardenelysee.com\/en\/restaurant\/\"]}]},{\"@type\":\"BreadcrumbList\",\"@id\":\"https:\/\/www.paris-hotel-gardenelysee.com\/en\/restaurant\/#breadcrumb\",\"itemListElement\":[{\"@type\":\"ListItem\",\"position\":1,\"name\":\"Accueil\",\"item\":\"https:\/\/www.paris-hotel-gardenelysee.com\/en\/\"},{\"@type\":\"ListItem\",\"position\":2,\"name\":\"Restaurant\"}]},{\"@type\":\"WebSite\",\"@id\":\"https:\/\/www.paris-hotel-gardenelysee.com\/en\/#website\",\"url\":\"https:\/\/www.paris-hotel-gardenelysee.com\/en\/\",\"name\":\"Garden Elysee\",\"description\":\"\",\"potentialAction\":[{\"@type\":\"SearchAction\",\"target\":{\"@type\":\"EntryPoint\",\"urlTemplate\":\"https:\/\/www.paris-hotel-gardenelysee.com\/en\/?s={search_term_string}\"},\"query-input\":{\"@type\":\"PropertyValueSpecification\",\"valueRequired\":true,\"valueName\":\"search_term_string\"}}],\"inLanguage\":\"en-US\"}]}<\/script>\n<!-- \/ Yoast SEO plugin. -->","yoast_head_json":{"title":"Dining \u2013 Garden \u00c9lys\u00e9e Hotel \u2013 Central Paris","description":"Breakfast, lounge bar and in-room dining: make the most of the restaurant services at the Garden \u00c9lys\u00e9e Hotel, steps away from the Champs-\u00c9lys\u00e9es.","robots":{"index":"index","follow":"follow","max-snippet":"max-snippet:-1","max-image-preview":"max-image-preview:large","max-video-preview":"max-video-preview:-1"},"canonical":"https:\/\/www.paris-hotel-gardenelysee.com\/en\/restaurant\/","og_locale":"en_US","og_type":"article","og_title":"Dining \u2013 Garden \u00c9lys\u00e9e Hotel \u2013 Central Paris","og_description":"Breakfast, lounge bar and in-room dining: make the most of the restaurant services at the Garden \u00c9lys\u00e9e Hotel, steps away from the Champs-\u00c9lys\u00e9es.","og_url":"https:\/\/www.paris-hotel-gardenelysee.com\/en\/restaurant\/","og_site_name":"Garden Elysee","article_modified_time":"2023-09-21T07:38:06+00:00","twitter_card":"summary_large_image","twitter_misc":{"Est. reading time":"1 minute"},"schema":{"@context":"https:\/\/schema.org","@graph":[{"@type":"WebPage","@id":"https:\/\/www.paris-hotel-gardenelysee.com\/en\/restaurant\/","url":"https:\/\/www.paris-hotel-gardenelysee.com\/en\/restaurant\/","name":"Dining \u2013 Garden \u00c9lys\u00e9e Hotel \u2013 Central Paris","isPartOf":{"@id":"https:\/\/www.paris-hotel-gardenelysee.com\/en\/#website"},"datePublished":"2021-10-18T09:22:31+00:00","dateModified":"2023-09-21T07:38:06+00:00","description":"Breakfast, lounge bar and in-room dining: make the most of the restaurant services at the Garden \u00c9lys\u00e9e Hotel, steps away from the Champs-\u00c9lys\u00e9es.","breadcrumb":{"@id":"https:\/\/www.paris-hotel-gardenelysee.com\/en\/restaurant\/#breadcrumb"},"inLanguage":"en-US","potentialAction":[{"@type":"ReadAction","target":["https:\/\/www.paris-hotel-gardenelysee.com\/en\/restaurant\/"]}]},{"@type":"BreadcrumbList","@id":"https:\/\/www.paris-hotel-gardenelysee.com\/en\/restaurant\/#breadcrumb","itemListElement":[{"@type":"ListItem","position":1,"name":"Accueil","item":"https:\/\/www.paris-hotel-gardenelysee.com\/en\/"},{"@type":"ListItem","position":2,"name":"Restaurant"}]},{"@type":"WebSite","@id":"https:\/\/www.paris-hotel-gardenelysee.com\/en\/#website","url":"https:\/\/www.paris-hotel-gardenelysee.com\/en\/","name":"Garden Elysee","description":"","potentialAction":[{"@type":"SearchAction","target":{"@type":"EntryPoint","urlTemplate":"https:\/\/www.paris-hotel-gardenelysee.com\/en\/?s={search_term_string}"},"query-input":{"@type":"PropertyValueSpecification","valueRequired":true,"valueName":"search_term_string"}}],"inLanguage":"en-US"}]}},"acf":[],"_links":{"self":[{"href":"https:\/\/www.paris-hotel-gardenelysee.com\/en\/wp-json\/wp\/v2\/pages\/280","targetHints":{"allow":["GET"]}}],"collection":[{"href":"https:\/\/www.paris-hotel-gardenelysee.com\/en\/wp-json\/wp\/v2\/pages"}],"about":[{"href":"https:\/\/www.paris-hotel-gardenelysee.com\/en\/wp-json\/wp\/v2\/types\/page"}],"author":[{"embeddable":true,"href":"https:\/\/www.paris-hotel-gardenelysee.com\/en\/wp-json\/wp\/v2\/users\/15"}],"replies":[{"embeddable":true,"href":"https:\/\/www.paris-hotel-gardenelysee.com\/en\/wp-json\/wp\/v2\/comments?post=280"}],"version-history":[{"count":0,"href":"https:\/\/www.paris-hotel-gardenelysee.com\/en\/wp-json\/wp\/v2\/pages\/280\/revisions"}],"wp:attachment":[{"href":"https:\/\/www.paris-hotel-gardenelysee.com\/en\/wp-json\/wp\/v2\/media?parent=280"}],"curies":[{"name":"wp","href":"https:\/\/api.w.org\/{rel}","templated":true}]}}