{"id":270,"date":"2021-10-18T07:51:49","date_gmt":"2021-10-18T05:51:49","guid":{"rendered":"https:\/\/garden-elysee.ms.decms.eu\/?page_id=270"},"modified":"2026-02-09T15:36:25","modified_gmt":"2026-02-09T14:36:25","slug":"garden-elysee-hotel","status":"publish","type":"page","link":"https:\/\/www.paris-hotel-gardenelysee.com\/en\/","title":{"rendered":"Garden \u00c9lys\u00e9e Hotel 4* Paris \u2013 Official website"},"content":{"rendered":"<p style=\"text-align: center\">Stay in a leafy haven in the centre of Paris. Set back from an avenue between the Champs-\u00c9lys\u00e9es and the Trocad\u00e9ro, the Garden \u00c9lys\u00e9e Hotel welcomes you to a peaceful retreat only a few steps from Paris\u2019s most beautiful monuments.<\/p>\n<p style=\"text-align: center\">The chic 16th arrondissement, sitting between the Arc de Triomphe and the Eiffel Tower, is full of museums and ever-changing art exhibitions. Private parking at the hotel and M\u00e9tro lines nearby make it easy to reach all your meetings.<\/p>\n<p style=\"text-align: center\">The hotel\u2019s design captures the tranquillity of nature. Whether you are travelling for business or on a Parisian getaway, the rejuvenating calm of this 4-star hotel adds a magical touch to your stay. Enjoy breakfast on the terrace or an innovative cocktail in the winter garden or by the fire. From the superbly comfortable bedding to the fitness room, your well-being is our priority at your new Parisian pied-\u00e0-terre.<\/p>\n","protected":false},"excerpt":{"rendered":"<p>Stay in a leafy haven in the centre of Paris. Set back from an avenue between the Champs-\u00c9lys\u00e9es and the Trocad\u00e9ro, the Garden \u00c9lys\u00e9e Hotel welcomes you to a peaceful retreat only a few steps from Paris\u2019s most beautiful monuments. The chic 16th arrondissement, sitting between the Arc de Triomphe and the Eiffel Tower, is [&hellip;]<\/p>\n","protected":false},"author":15,"featured_media":0,"parent":0,"menu_order":0,"comment_status":"closed","ping_status":"closed","template":"","meta":{"footnotes":""},"class_list":["post-270","page","type-page","status-publish","hentry"],"yoast_head":"<!-- This site is optimized with the Yoast SEO plugin v26.9 - https:\/\/yoast.com\/product\/yoast-seo-wordpress\/ -->\n<title>4-star Garden Elys\u00e9e Hotel \u2013 Paris 16e \u2013 Hotel near the Champs-\u00c9lys\u00e9es<\/title>\n<meta name=\"description\" content=\"Between the Trocad\u00e9ro and Arc de Triomphe in the centre of Paris, this peaceful hotel has a relaxing garden. Private parking and 4-star comfort add to the quality of your stay.\" \/>\n<meta name=\"robots\" content=\"index, follow, max-snippet:-1, max-image-preview:large, max-video-preview:-1\" \/>\n<link rel=\"canonical\" href=\"https:\/\/www.paris-hotel-gardenelysee.com\/en\/\" \/>\n<meta property=\"og:locale\" content=\"en_US\" \/>\n<meta property=\"og:type\" content=\"article\" \/>\n<meta property=\"og:title\" content=\"4-star Garden Elys\u00e9e Hotel \u2013 Paris 16e \u2013 Hotel near the Champs-\u00c9lys\u00e9es\" \/>\n<meta property=\"og:description\" content=\"Between the Trocad\u00e9ro and Arc de Triomphe in the centre of Paris, this peaceful hotel has a relaxing garden. Private parking and 4-star comfort add to the quality of your stay.\" \/>\n<meta property=\"og:url\" content=\"https:\/\/www.paris-hotel-gardenelysee.com\/en\/\" \/>\n<meta property=\"og:site_name\" content=\"Garden Elysee\" \/>\n<meta property=\"article:modified_time\" content=\"2026-02-09T14:36:25+00:00\" \/>\n<meta name=\"twitter:card\" content=\"summary_large_image\" \/>\n<meta name=\"twitter:label1\" content=\"Est. reading time\" \/>\n\t<meta name=\"twitter:data1\" content=\"1 minute\" \/>\n<script type=\"application\/ld+json\" class=\"yoast-schema-graph\">{\"@context\":\"https:\/\/schema.org\",\"@graph\":[{\"@type\":\"WebPage\",\"@id\":\"https:\/\/www.paris-hotel-gardenelysee.com\/en\/\",\"url\":\"https:\/\/www.paris-hotel-gardenelysee.com\/en\/\",\"name\":\"4-star Garden Elys\u00e9e Hotel \u2013 Paris 16e \u2013 Hotel near the Champs-\u00c9lys\u00e9es\",\"isPartOf\":{\"@id\":\"https:\/\/www.paris-hotel-gardenelysee.com\/en\/#website\"},\"datePublished\":\"2021-10-18T05:51:49+00:00\",\"dateModified\":\"2026-02-09T14:36:25+00:00\",\"description\":\"Between the Trocad\u00e9ro and Arc de Triomphe in the centre of Paris, this peaceful hotel has a relaxing garden. Private parking and 4-star comfort add to the quality of your stay.\",\"breadcrumb\":{\"@id\":\"https:\/\/www.paris-hotel-gardenelysee.com\/en\/#breadcrumb\"},\"inLanguage\":\"en-US\",\"potentialAction\":[{\"@type\":\"ReadAction\",\"target\":[\"https:\/\/www.paris-hotel-gardenelysee.com\/en\/\"]}]},{\"@type\":\"BreadcrumbList\",\"@id\":\"https:\/\/www.paris-hotel-gardenelysee.com\/en\/#breadcrumb\",\"itemListElement\":[{\"@type\":\"ListItem\",\"position\":1,\"name\":\"Accueil\",\"item\":\"https:\/\/www.paris-hotel-gardenelysee.com\/en\/\"},{\"@type\":\"ListItem\",\"position\":2,\"name\":\"Garden \u00c9lys\u00e9e Hotel 4* Paris \u2013 Official website\"}]},{\"@type\":\"WebSite\",\"@id\":\"https:\/\/www.paris-hotel-gardenelysee.com\/en\/#website\",\"url\":\"https:\/\/www.paris-hotel-gardenelysee.com\/en\/\",\"name\":\"Garden Elysee\",\"description\":\"\",\"potentialAction\":[{\"@type\":\"SearchAction\",\"target\":{\"@type\":\"EntryPoint\",\"urlTemplate\":\"https:\/\/www.paris-hotel-gardenelysee.com\/en\/?s={search_term_string}\"},\"query-input\":{\"@type\":\"PropertyValueSpecification\",\"valueRequired\":true,\"valueName\":\"search_term_string\"}}],\"inLanguage\":\"en-US\"}]}<\/script>\n<!-- \/ Yoast SEO plugin. -->","yoast_head_json":{"title":"4-star Garden Elys\u00e9e Hotel \u2013 Paris 16e \u2013 Hotel near the Champs-\u00c9lys\u00e9es","description":"Between the Trocad\u00e9ro and Arc de Triomphe in the centre of Paris, this peaceful hotel has a relaxing garden. Private parking and 4-star comfort add to the quality of your stay.","robots":{"index":"index","follow":"follow","max-snippet":"max-snippet:-1","max-image-preview":"max-image-preview:large","max-video-preview":"max-video-preview:-1"},"canonical":"https:\/\/www.paris-hotel-gardenelysee.com\/en\/","og_locale":"en_US","og_type":"article","og_title":"4-star Garden Elys\u00e9e Hotel \u2013 Paris 16e \u2013 Hotel near the Champs-\u00c9lys\u00e9es","og_description":"Between the Trocad\u00e9ro and Arc de Triomphe in the centre of Paris, this peaceful hotel has a relaxing garden. Private parking and 4-star comfort add to the quality of your stay.","og_url":"https:\/\/www.paris-hotel-gardenelysee.com\/en\/","og_site_name":"Garden Elysee","article_modified_time":"2026-02-09T14:36:25+00:00","twitter_card":"summary_large_image","twitter_misc":{"Est. reading time":"1 minute"},"schema":{"@context":"https:\/\/schema.org","@graph":[{"@type":"WebPage","@id":"https:\/\/www.paris-hotel-gardenelysee.com\/en\/","url":"https:\/\/www.paris-hotel-gardenelysee.com\/en\/","name":"4-star Garden Elys\u00e9e Hotel \u2013 Paris 16e \u2013 Hotel near the Champs-\u00c9lys\u00e9es","isPartOf":{"@id":"https:\/\/www.paris-hotel-gardenelysee.com\/en\/#website"},"datePublished":"2021-10-18T05:51:49+00:00","dateModified":"2026-02-09T14:36:25+00:00","description":"Between the Trocad\u00e9ro and Arc de Triomphe in the centre of Paris, this peaceful hotel has a relaxing garden. Private parking and 4-star comfort add to the quality of your stay.","breadcrumb":{"@id":"https:\/\/www.paris-hotel-gardenelysee.com\/en\/#breadcrumb"},"inLanguage":"en-US","potentialAction":[{"@type":"ReadAction","target":["https:\/\/www.paris-hotel-gardenelysee.com\/en\/"]}]},{"@type":"BreadcrumbList","@id":"https:\/\/www.paris-hotel-gardenelysee.com\/en\/#breadcrumb","itemListElement":[{"@type":"ListItem","position":1,"name":"Accueil","item":"https:\/\/www.paris-hotel-gardenelysee.com\/en\/"},{"@type":"ListItem","position":2,"name":"Garden \u00c9lys\u00e9e Hotel 4* Paris \u2013 Official website"}]},{"@type":"WebSite","@id":"https:\/\/www.paris-hotel-gardenelysee.com\/en\/#website","url":"https:\/\/www.paris-hotel-gardenelysee.com\/en\/","name":"Garden Elysee","description":"","potentialAction":[{"@type":"SearchAction","target":{"@type":"EntryPoint","urlTemplate":"https:\/\/www.paris-hotel-gardenelysee.com\/en\/?s={search_term_string}"},"query-input":{"@type":"PropertyValueSpecification","valueRequired":true,"valueName":"search_term_string"}}],"inLanguage":"en-US"}]}},"acf":[],"_links":{"self":[{"href":"https:\/\/www.paris-hotel-gardenelysee.com\/en\/wp-json\/wp\/v2\/pages\/270","targetHints":{"allow":["GET"]}}],"collection":[{"href":"https:\/\/www.paris-hotel-gardenelysee.com\/en\/wp-json\/wp\/v2\/pages"}],"about":[{"href":"https:\/\/www.paris-hotel-gardenelysee.com\/en\/wp-json\/wp\/v2\/types\/page"}],"author":[{"embeddable":true,"href":"https:\/\/www.paris-hotel-gardenelysee.com\/en\/wp-json\/wp\/v2\/users\/15"}],"replies":[{"embeddable":true,"href":"https:\/\/www.paris-hotel-gardenelysee.com\/en\/wp-json\/wp\/v2\/comments?post=270"}],"version-history":[{"count":0,"href":"https:\/\/www.paris-hotel-gardenelysee.com\/en\/wp-json\/wp\/v2\/pages\/270\/revisions"}],"wp:attachment":[{"href":"https:\/\/www.paris-hotel-gardenelysee.com\/en\/wp-json\/wp\/v2\/media?parent=270"}],"curies":[{"name":"wp","href":"https:\/\/api.w.org\/{rel}","templated":true}]}}